{"id":2464,"date":"2025-06-23T09:52:08","date_gmt":"2025-06-23T09:52:08","guid":{"rendered":"https:\/\/www.lumia.sk\/?page_id=2464"},"modified":"2025-06-23T10:10:29","modified_gmt":"2025-06-23T10:10:29","slug":"3-room-apartment-bratislavaii","status":"publish","type":"page","link":"https:\/\/www.lumia.sk\/en\/3-room-apartment-bratislavaii\/","title":{"rendered":"For sale 3-room furnished apartment in a family house with parking space in Bratislava II."},"content":{"rendered":"<p>[et_pb_section fb_built=&#8220;1&#8243; _builder_version=&#8220;4.27.4&#8243; _module_preset=&#8220;default&#8220; global_colors_info=&#8220;{}&#8220;][et_pb_row column_structure=&#8220;1_2,1_2&#8243; _builder_version=&#8220;4.27.4&#8243; _module_preset=&#8220;default&#8220; global_colors_info=&#8220;{}&#8220;][et_pb_column type=&#8220;1_2&#8243; _builder_version=&#8220;4.27.4&#8243; _module_preset=&#8220;default&#8220; global_colors_info=&#8220;{}&#8220;][et_pb_text _builder_version=&#8220;4.27.4&#8243; _module_preset=&#8220;default&#8220; global_colors_info=&#8220;{}&#8220;]<\/p>\n<p><strong>Na predaj 3 &#8211; izbov\u00fd zariaden\u00fd byt v rodinnom dome s parkovac\u00edm miestom v Bratislave II.<\/strong><\/p>\n<p>Pon\u00fakame na predaj priestrann\u00fd 3-izbov\u00fd byt o v\u00fdmere 72 m\u00b2, ktor\u00fd sa nach\u00e1dza na 2. poschod\u00ed rodinn\u00e9ho domu v tichej lokalite Podunajsk\u00fdch Biskup\u00edc, na Perli\u010dkovej ulici. Rodinn\u00fd dom m\u00e1 dve nadzemn\u00e9 podla\u017eia a podkrovie.<\/p>\n<p>Dispoz\u00edcia:<br \/>Dve neprechodn\u00e9 izby, sp\u00e1lne orientovan\u00e9 na v\u00fdchod, ob\u00fdva\u010dka spojen\u00e1 s kuchy\u0148ou a jed\u00e1l\u0148ou, dva balk\u00f3ny, k\u00fape\u013e\u0148a a samostatn\u00e9 WC<br \/>Kompletne zariaden\u00fd byt \u2013 sta\u010d\u00ed sa len nas\u0165ahova\u0165<\/p>\n<p>V dome je optick\u00e1 pr\u00edpojka internetu<br \/>K bytu je mo\u017en\u00e9 dok\u00fapi\u0165 jedno parkovacie miesto za cenu 10.000,- Eur.<br \/>Ve\u013emi n\u00edzke mesa\u010dn\u00e9 n\u00e1klady iba 80 \u20ac<\/p>\n<p>V\u00fdhody:<br \/>Tich\u00e1 a pokojn\u00e1 lokalita:<br \/>Perli\u010dkov\u00e1 ulica sa nach\u00e1dza v jednej z najpokojnej\u0161\u00edch \u010dast\u00ed Podunajsk\u00fdch Biskup\u00edc. Ide o slep\u00fa ulicu bez tranzitnej dopravy, \u010do znamen\u00e1 minim\u00e1lny hluk a bezpe\u010dn\u00e9 prostredie pre deti aj dom\u00e1cich mil\u00e1\u010dikov.<br \/>Rodinn\u00e1 atmosf\u00e9ra:<br \/>Okolie domu tvoria preva\u017ene rodinn\u00e9 domy a men\u0161ie bytov\u00e9 jednotky. V\u010faka tomu tu n\u00e1jdete susedsk\u00fa atmosf\u00e9ru a pohodu, ktor\u00e1 sa v klasick\u00fdch s\u00eddlisk\u00e1ch \u010dasto vytr\u00e1ca.<br \/>Kompletn\u00e1 ob\u010dianska vybavenos\u0165 v pe\u0161ej dostupnosti:<br \/>Len p\u00e1r min\u00fat ch\u00f4dze sa nach\u00e1dzaj\u00fa obchody, \u0161k\u00f4lky, \u0161koly, zdravotn\u00e9 stredisko, lek\u00e1re\u0148, zast\u00e1vky MHD \u010di po\u0161ta. V\u0161etko potrebn\u00e9 m\u00e1te na dosah ruky.<br \/>V\u00fdborn\u00e1 dopravn\u00e1 dostupnos\u0165:<br \/>Aj ke\u010f sa nach\u00e1dzate v pokojnej \u010dasti mesta, do centra Bratislavy sa dostanete autom za cca 15\u201320 min\u00fat alebo pohodlne MHD.<br \/>Zele\u0148 a oddych:<br \/>V okol\u00ed sa nach\u00e1dza viacero parkov, cyklotr\u00e1s a mo\u017enost\u00ed na prech\u00e1dzky popri Malom Dunaji \u010di v bl\u00edzkych lu\u017en\u00fdch lesoch. Ide\u00e1lne prostredie pre milovn\u00edkov pr\u00edrody a akt\u00edvneho oddychu.<br \/>N\u00edzke n\u00e1klady a s\u00fakromie:<br \/>Byt sa nach\u00e1dza v rodinnom dome s iba tromi bytov\u00fdmi jednotkami. N\u00edzke mesa\u010dn\u00e9 n\u00e1klady a vlastn\u00e9 parkovacie miesto zaru\u010duj\u00fa komfortn\u00e9 b\u00fdvanie s minim\u00e1lnymi prev\u00e1dzkov\u00fdmi v\u00fddavkami.<br \/>Ak h\u013ead\u00e1te pohodln\u00e9 b\u00fdvanie v pokojnom prostred\u00ed s v\u00fdbornou ob\u010dianskou vybavenos\u0165ou, tento byt je ide\u00e1lnou vo\u013ebou.<br \/>V pr\u00edpade z\u00e1ujmu o obhliadku alebo viac inform\u00e1ci\u00ed n\u00e1s nev\u00e1hajte kontaktova\u0165.<\/p>\n<p>Cena: 219.000,- Eur<\/p>\n<p>&nbsp;<\/p>\n<p>[\/et_pb_text][\/et_pb_column][et_pb_column type=&#8220;1_2&#8243; _builder_version=&#8220;4.27.4&#8243; _module_preset=&#8220;default&#8220; global_colors_info=&#8220;{}&#8220;][et_pb_gallery gallery_ids=&#8220;2477,2478,2479,2480,2482,2484,2485,2486,2487,2488,2489,2490,2491,2492,2493,2494,2495,2496,2497,2498,2499&#8243; posts_number=&#8220;8&#8243; show_title_and_caption=&#8220;off&#8220; _builder_version=&#8220;4.27.4&#8243; _module_preset=&#8220;default&#8220; global_colors_info=&#8220;{}&#8220;][\/et_pb_gallery][\/et_pb_column][\/et_pb_row][\/et_pb_section]<\/p>\n","protected":false},"excerpt":{"rendered":"<p>Na predaj 3 &#8211; izbov\u00fd zariaden\u00fd byt v rodinnom dome s parkovac\u00edm miestom v Bratislave II. Pon\u00fakame na predaj priestrann\u00fd 3-izbov\u00fd byt o v\u00fdmere 72 m\u00b2, ktor\u00fd sa nach\u00e1dza na 2. poschod\u00ed rodinn\u00e9ho domu v tichej lokalite Podunajsk\u00fdch Biskup\u00edc, na Perli\u010dkovej ulici. Rodinn\u00fd dom m\u00e1 dve nadzemn\u00e9 podla\u017eia a podkrovie. Dispoz\u00edcia:Dve neprechodn\u00e9 izby, sp\u00e1lne orientovan\u00e9 [&hellip;]<\/p>\n","protected":false},"author":2,"featured_media":0,"parent":0,"menu_order":0,"comment_status":"closed","ping_status":"closed","template":"","meta":{"_et_pb_use_builder":"on","_et_pb_old_content":"","_et_gb_content_width":"","footnotes":""},"class_list":["post-2464","page","type-page","status-publish","hentry"],"yoast_head":"<!-- This site is optimized with the Yoast SEO plugin v27.5 - https:\/\/yoast.com\/product\/yoast-seo-wordpress\/ -->\n<title>Na predaj 3 - izbov\u00fd zariaden\u00fd byt v rodinnom dome s parkovac\u00edm miestom v Bratislave II. - LUMIA PROPERTY MANAGEMENT<\/title>\n<meta name=\"robots\" content=\"index, follow, max-snippet:-1, max-image-preview:large, max-video-preview:-1\" \/>\n<link rel=\"canonical\" href=\"https:\/\/www.lumia.sk\/en\/3-room-apartment-bratislavaii\/\" \/>\n<meta property=\"og:locale\" content=\"en_GB\" \/>\n<meta property=\"og:type\" content=\"article\" \/>\n<meta property=\"og:title\" content=\"Na predaj 3 - izbov\u00fd zariaden\u00fd byt v rodinnom dome s parkovac\u00edm miestom v Bratislave II. - LUMIA PROPERTY MANAGEMENT\" \/>\n<meta property=\"og:description\" content=\"Na predaj 3 - izbov\u00fd zariaden\u00fd byt v rodinnom dome s parkovac\u00edm miestom v Bratislave II. Pon\u00fakame na predaj priestrann\u00fd 3-izbov\u00fd byt o v\u00fdmere 72 m\u00b2, ktor\u00fd sa nach\u00e1dza na 2. poschod\u00ed rodinn\u00e9ho domu v tichej lokalite Podunajsk\u00fdch Biskup\u00edc, na Perli\u010dkovej ulici. Rodinn\u00fd dom m\u00e1 dve nadzemn\u00e9 podla\u017eia a podkrovie. Dispoz\u00edcia:Dve neprechodn\u00e9 izby, sp\u00e1lne orientovan\u00e9 [&hellip;]\" \/>\n<meta property=\"og:url\" content=\"https:\/\/www.lumia.sk\/en\/3-room-apartment-bratislavaii\/\" \/>\n<meta property=\"og:site_name\" content=\"LUMIA PROPERTY MANAGEMENT\" \/>\n<meta property=\"article:modified_time\" content=\"2025-06-23T10:10:29+00:00\" \/>\n<meta name=\"twitter:label1\" content=\"Estimated reading time\" \/>\n\t<meta name=\"twitter:data1\" content=\"2 minutes\" \/>\n<script type=\"application\/ld+json\" class=\"yoast-schema-graph\">{\"@context\":\"https:\\\/\\\/schema.org\",\"@graph\":[{\"@type\":\"WebPage\",\"@id\":\"https:\\\/\\\/www.lumia.sk\\\/3-izbovy-byt-bratislavaii\\\/\",\"url\":\"https:\\\/\\\/www.lumia.sk\\\/3-izbovy-byt-bratislavaii\\\/\",\"name\":\"Na predaj 3 - izbov\u00fd zariaden\u00fd byt v rodinnom dome s parkovac\u00edm miestom v Bratislave II. - LUMIA PROPERTY MANAGEMENT\",\"isPartOf\":{\"@id\":\"https:\\\/\\\/www.lumia.sk\\\/#website\"},\"datePublished\":\"2025-06-23T09:52:08+00:00\",\"dateModified\":\"2025-06-23T10:10:29+00:00\",\"breadcrumb\":{\"@id\":\"https:\\\/\\\/www.lumia.sk\\\/3-izbovy-byt-bratislavaii\\\/#breadcrumb\"},\"inLanguage\":\"en-GB\",\"potentialAction\":[{\"@type\":\"ReadAction\",\"target\":[\"https:\\\/\\\/www.lumia.sk\\\/3-izbovy-byt-bratislavaii\\\/\"]}]},{\"@type\":\"BreadcrumbList\",\"@id\":\"https:\\\/\\\/www.lumia.sk\\\/3-izbovy-byt-bratislavaii\\\/#breadcrumb\",\"itemListElement\":[{\"@type\":\"ListItem\",\"position\":1,\"name\":\"Home\",\"item\":\"https:\\\/\\\/www.lumia.sk\\\/\"},{\"@type\":\"ListItem\",\"position\":2,\"name\":\"Na predaj 3 &#8211; izbov\u00fd zariaden\u00fd byt v rodinnom dome s parkovac\u00edm miestom v Bratislave II.\"}]},{\"@type\":\"WebSite\",\"@id\":\"https:\\\/\\\/www.lumia.sk\\\/#website\",\"url\":\"https:\\\/\\\/www.lumia.sk\\\/\",\"name\":\"LUMIA PROPERTY MANAGEMENT\",\"description\":\"Spr\u00e1va V\u00e1\u0161ho majetku\",\"potentialAction\":[{\"@type\":\"SearchAction\",\"target\":{\"@type\":\"EntryPoint\",\"urlTemplate\":\"https:\\\/\\\/www.lumia.sk\\\/?s={search_term_string}\"},\"query-input\":{\"@type\":\"PropertyValueSpecification\",\"valueRequired\":true,\"valueName\":\"search_term_string\"}}],\"inLanguage\":\"en-GB\"}]}<\/script>\n<!-- \/ Yoast SEO plugin. -->","yoast_head_json":{"title":"For sale 3-room furnished apartment in a family house with parking space in Bratislava II - LUMIA PROPERTY MANAGEMENT","robots":{"index":"index","follow":"follow","max-snippet":"max-snippet:-1","max-image-preview":"max-image-preview:large","max-video-preview":"max-video-preview:-1"},"canonical":"https:\/\/www.lumia.sk\/en\/3-room-apartment-bratislavaii\/","og_locale":"en_GB","og_type":"article","og_title":"Na predaj 3 - izbov\u00fd zariaden\u00fd byt v rodinnom dome s parkovac\u00edm miestom v Bratislave II. - LUMIA PROPERTY MANAGEMENT","og_description":"Na predaj 3 - izbov\u00fd zariaden\u00fd byt v rodinnom dome s parkovac\u00edm miestom v Bratislave II. Pon\u00fakame na predaj priestrann\u00fd 3-izbov\u00fd byt o v\u00fdmere 72 m\u00b2, ktor\u00fd sa nach\u00e1dza na 2. poschod\u00ed rodinn\u00e9ho domu v tichej lokalite Podunajsk\u00fdch Biskup\u00edc, na Perli\u010dkovej ulici. Rodinn\u00fd dom m\u00e1 dve nadzemn\u00e9 podla\u017eia a podkrovie. Dispoz\u00edcia:Dve neprechodn\u00e9 izby, sp\u00e1lne orientovan\u00e9 [&hellip;]","og_url":"https:\/\/www.lumia.sk\/en\/3-room-apartment-bratislavaii\/","og_site_name":"LUMIA PROPERTY MANAGEMENT","article_modified_time":"2025-06-23T10:10:29+00:00","twitter_misc":{"Estimated reading time":"2 minutes"},"schema":{"@context":"https:\/\/schema.org","@graph":[{"@type":"WebPage","@id":"https:\/\/www.lumia.sk\/3-izbovy-byt-bratislavaii\/","url":"https:\/\/www.lumia.sk\/3-izbovy-byt-bratislavaii\/","name":"For sale 3-room furnished apartment in a family house with parking space in Bratislava II - LUMIA PROPERTY MANAGEMENT","isPartOf":{"@id":"https:\/\/www.lumia.sk\/#website"},"datePublished":"2025-06-23T09:52:08+00:00","dateModified":"2025-06-23T10:10:29+00:00","breadcrumb":{"@id":"https:\/\/www.lumia.sk\/3-izbovy-byt-bratislavaii\/#breadcrumb"},"inLanguage":"en-GB","potentialAction":[{"@type":"ReadAction","target":["https:\/\/www.lumia.sk\/3-izbovy-byt-bratislavaii\/"]}]},{"@type":"BreadcrumbList","@id":"https:\/\/www.lumia.sk\/3-izbovy-byt-bratislavaii\/#breadcrumb","itemListElement":[{"@type":"ListItem","position":1,"name":"Home","item":"https:\/\/www.lumia.sk\/"},{"@type":"ListItem","position":2,"name":"Na predaj 3 &#8211; izbov\u00fd zariaden\u00fd byt v rodinnom dome s parkovac\u00edm miestom v Bratislave II."}]},{"@type":"WebSite","@id":"https:\/\/www.lumia.sk\/#website","url":"https:\/\/www.lumia.sk\/","name":"LUMIA PROPERTY MANAGEMENT","description":"Managing your property","potentialAction":[{"@type":"SearchAction","target":{"@type":"EntryPoint","urlTemplate":"https:\/\/www.lumia.sk\/?s={search_term_string}"},"query-input":{"@type":"PropertyValueSpecification","valueRequired":true,"valueName":"search_term_string"}}],"inLanguage":"en-GB"}]}},"_links":{"self":[{"href":"https:\/\/www.lumia.sk\/en\/wp-json\/wp\/v2\/pages\/2464","targetHints":{"allow":["GET"]}}],"collection":[{"href":"https:\/\/www.lumia.sk\/en\/wp-json\/wp\/v2\/pages"}],"about":[{"href":"https:\/\/www.lumia.sk\/en\/wp-json\/wp\/v2\/types\/page"}],"author":[{"embeddable":true,"href":"https:\/\/www.lumia.sk\/en\/wp-json\/wp\/v2\/users\/2"}],"replies":[{"embeddable":true,"href":"https:\/\/www.lumia.sk\/en\/wp-json\/wp\/v2\/comments?post=2464"}],"version-history":[{"count":4,"href":"https:\/\/www.lumia.sk\/en\/wp-json\/wp\/v2\/pages\/2464\/revisions"}],"predecessor-version":[{"id":2542,"href":"https:\/\/www.lumia.sk\/en\/wp-json\/wp\/v2\/pages\/2464\/revisions\/2542"}],"wp:attachment":[{"href":"https:\/\/www.lumia.sk\/en\/wp-json\/wp\/v2\/media?parent=2464"}],"curies":[{"name":"wp","href":"https:\/\/api.w.org\/{rel}","templated":true}]}}