{"id":1833,"date":"2025-02-20T13:42:35","date_gmt":"2025-02-20T13:42:35","guid":{"rendered":"http:\/\/www.lumia.sk\/?page_id=1833"},"modified":"2025-06-11T08:25:54","modified_gmt":"2025-06-11T08:25:54","slug":"contact","status":"publish","type":"page","link":"https:\/\/www.lumia.sk\/en\/contact\/","title":{"rendered":"Contact"},"content":{"rendered":"<p>[et_pb_section fb_built=&#8220;1&#8243; admin_label=&#8220;Header Section&#8220; _builder_version=&#8220;4.27.4&#8243; use_background_color_gradient=&#8220;on&#8220; background_color_gradient_stops=&#8220;#e9f0f6 0%|rgba(233,240,246,0.2) 100%&#8220; background_color_gradient_overlays_image=&#8220;on&#8220; background_color_gradient_start=&#8220;#e9f0f6&#8243; background_color_gradient_end=&#8220;rgba(233,240,246,0.2)&#8220; background_image=&#8220;http:\/\/www.lumia.sk\/wp-content\/uploads\/2025\/04\/pexels-dimitris-komninos-115341895-9742022-scaled.jpg&#8220; custom_padding=&#8220;75px||100px||false|false&#8220; global_colors_info=&#8220;{}&#8220;][et_pb_row custom_padding_last_edited=&#8220;off|desktop&#8220; admin_label=&#8220;Header Row&#8220; _builder_version=&#8220;4.16&#8243; custom_margin=&#8220;|||&#8220; custom_padding=&#8220;|||&#8220; custom_padding_phone=&#8220;3vw|||&#8220; global_colors_info=&#8220;{}&#8220;][et_pb_column type=&#8220;4_4&#8243; _builder_version=&#8220;4.16&#8243; custom_padding=&#8220;|||&#8220; global_colors_info=&#8220;{}&#8220; custom_padding__hover=&#8220;|||&#8220;][et_pb_text admin_label=&#8220;Heading &#038; Subheading&#8220; _builder_version=&#8220;4.27.4&#8243; text_font=&#8220;|&#8211;et_global_body_font_weight|||||||&#8220; text_font_size=&#8220;18px&#8220; text_line_height=&#8220;1.8em&#8220; header_font=&#8220;|700|||||||&#8220; header_font_size=&#8220;25px&#8220; header_line_height=&#8220;1.4em&#8220; header_2_font=&#8220;||||||||&#8220; text_orientation=&#8220;center&#8220; max_width=&#8220;800px&#8220; max_width_last_edited=&#8220;off|desktop&#8220; module_alignment=&#8220;center&#8220; custom_margin=&#8220;|||&#8220; custom_padding=&#8220;||4px|||&#8220; custom_padding_last_edited=&#8220;off|desktop&#8220; animation_style=&#8220;fade&#8220; hover_enabled=&#8220;0&#8243; global_colors_info=&#8220;{}&#8220; sticky_enabled=&#8220;0&#8243;]<\/p>\n<h1>Kontaktujte n\u00e1s<\/h1>\n<p><span style=\"color: #ffffff;\"><strong>M\u00e1te ot\u00e1zky alebo potrebujete viac inform\u00e1ci\u00ed? Nev\u00e1hajte n\u00e1s kontaktova\u0165. R\u00e1di v\u00e1m pom\u00f4\u017eeme n\u00e1js\u0165 to najlep\u0161ie rie\u0161enie pre va\u0161e nehnute\u013enosti.<\/strong><\/span><\/p>\n<p>[\/et_pb_text][\/et_pb_column][\/et_pb_row][\/et_pb_section][et_pb_section fb_built=&#8220;1&#8243; admin_label=&#8220;Contact Section&#8220; _builder_version=&#8220;4.27.4&#8243; background_color=&#8220;rgba(156,126,79,0.07)&#8220; custom_padding=&#8220;54px|0px|100px|0px&#8220; global_colors_info=&#8220;{}&#8220;][et_pb_row column_structure=&#8220;1_3,2_3&#8243; admin_label=&#8220;Message Row&#8220; _builder_version=&#8220;4.16&#8243; custom_padding=&#8220;|||&#8220; global_colors_info=&#8220;{}&#8220;][et_pb_column type=&#8220;1_3&#8243; _builder_version=&#8220;4.16&#8243; custom_padding=&#8220;|||&#8220; global_colors_info=&#8220;{}&#8220; custom_padding__hover=&#8220;|||&#8220;][et_pb_text _builder_version=&#8220;4.27.4&#8243; _module_preset=&#8220;default&#8220; text_font_size=&#8220;16px&#8220; global_colors_info=&#8220;{}&#8220;]<\/p>\n<p><strong>Kontaktn\u00e9 \u00fadaje:<br \/><\/strong><\/p>\n<p><strong>PhDr. Viktor Vlas\u00e1k, MBA, RSc.<\/strong><br \/>Telef\u00f3n: +421 907 462 282<br \/>Email: <a href=\"mailto:viktor.vlasak@lumia.sk\">viktor.vlasak@lumia.sk<\/a><\/p>\n<p><strong>Mgr. Katar\u00edna Vlas\u00e1kov\u00e1, LL.M.<\/strong><br \/>Telef\u00f3n: +421 918 186 963<br \/>Email: <a href=\"mailto:katarina.vlasakova@lumia.sk\">katarina.vlasakova@lumia.sk<\/a><\/p>\n<p>&nbsp;<\/p>\n<p><strong>Faktura\u010dn\u00e9 \u00fadaje:<\/strong><\/p>\n<p>LUMIA PROPERTY MANAGEMENT s.r.o.<br \/><span>Krasovsk\u00e9ho 13\/3742 851 01 Bratislava<\/span><\/p>\n<p>I\u010cO: <span>36803898<\/span><br \/>DI\u010c: <span>2022424074<\/span><br \/>I\u010c DPH: <span>SK2022424074<\/span><\/p>\n<p>[\/et_pb_text][\/et_pb_column][et_pb_column type=&#8220;2_3&#8243; _builder_version=&#8220;4.27.4&#8243; custom_padding=&#8220;|||&#8220; global_colors_info=&#8220;{}&#8220; custom_padding__hover=&#8220;|||&#8220;][et_pb_contact_form captcha=&#8220;off&#8220; email=&#8220;viktor.vlasak@lumia.sk&#8220; title=&#8220;Nap\u00ed\u0161te n\u00e1m&#8220; custom_message=&#8220;Lumia &#8211; Kontaktn\u00fd formul\u00e1r||et_pb_line_break_holder||||et_pb_line_break_holder||Meno: %%Meno%%||et_pb_line_break_holder||Email: %%Email%%||et_pb_line_break_holder||Spr\u00e1va: %%Spr\u00e1va%%&#8220; success_message=&#8220;\u010eakujeme za spr\u00e1vu. \u010coskoro sa V\u00e1m ozveme.&#8220; submit_button_text=&#8220;Odosla\u0165&#8220; module_id=&#8220;et_pb_contact_form_0&#8243; _builder_version=&#8220;4.27.4&#8243; form_field_background_color=&#8220;rgba(173,173,173,0.08)&#8220; form_field_text_color=&#8220;rgba(0,0,0,0.6)&#8220; title_font=&#8220;|600|||||||&#8220; form_field_font=&#8220;|&#8211;et_global_body_font_weight|||||||&#8220; form_field_text_align=&#8220;left&#8220; form_field_font_size=&#8220;16px&#8220; custom_button=&#8220;on&#8220; button_text_size=&#8220;16px&#8220; button_text_color=&#8220;#ffffff&#8220; button_bg_color=&#8220;#9C7E4F&#8220; button_border_width=&#8220;10px&#8220; button_border_color=&#8220;#9C7E4F&#8220; button_border_radius=&#8220;0px&#8220; button_font=&#8220;|700|||||||&#8220; button_use_icon=&#8220;off&#8220; form_background_color=&#8220;rgba(26,26,26,0.08)&#8220; global_colors_info=&#8220;{}&#8220; button_bg_color__hover_enabled=&#8220;on|desktop&#8220; button_bg_color__hover=&#8220;#0a0505&#8243; button_bg_enable_color__hover=&#8220;on&#8220; button_border_color__hover_enabled=&#8220;on|hover&#8220; button_border_color__hover=&#8220;#0a0101&#8243;][et_pb_contact_field field_id=&#8220;Meno&#8220; field_title=&#8220;Meno&#8220; _builder_version=&#8220;4.27.4&#8243; global_colors_info=&#8220;{}&#8220; button_text_size__hover_enabled=&#8220;off&#8220; button_one_text_size__hover_enabled=&#8220;off&#8220; button_two_text_size__hover_enabled=&#8220;off&#8220; button_text_color__hover_enabled=&#8220;off&#8220; button_one_text_color__hover_enabled=&#8220;off&#8220; button_two_text_color__hover_enabled=&#8220;off&#8220; button_border_width__hover_enabled=&#8220;off&#8220; button_one_border_width__hover_enabled=&#8220;off&#8220; button_two_border_width__hover_enabled=&#8220;off&#8220; button_border_color__hover_enabled=&#8220;off&#8220; button_one_border_color__hover_enabled=&#8220;off&#8220; button_two_border_color__hover_enabled=&#8220;off&#8220; button_border_radius__hover_enabled=&#8220;off&#8220; button_one_border_radius__hover_enabled=&#8220;off&#8220; button_two_border_radius__hover_enabled=&#8220;off&#8220; button_letter_spacing__hover_enabled=&#8220;off&#8220; button_one_letter_spacing__hover_enabled=&#8220;off&#8220; button_two_letter_spacing__hover_enabled=&#8220;off&#8220; button_bg_color__hover_enabled=&#8220;off&#8220; button_one_bg_color__hover_enabled=&#8220;off&#8220; button_two_bg_color__hover_enabled=&#8220;off&#8220;][\/et_pb_contact_field][et_pb_contact_field field_id=&#8220;Email&#8220; field_title=&#8220;Email&#8220; field_type=&#8220;email&#8220; _builder_version=&#8220;4.27.4&#8243; global_colors_info=&#8220;{}&#8220; button_text_size__hover_enabled=&#8220;off&#8220; button_one_text_size__hover_enabled=&#8220;off&#8220; button_two_text_size__hover_enabled=&#8220;off&#8220; button_text_color__hover_enabled=&#8220;off&#8220; button_one_text_color__hover_enabled=&#8220;off&#8220; button_two_text_color__hover_enabled=&#8220;off&#8220; button_border_width__hover_enabled=&#8220;off&#8220; button_one_border_width__hover_enabled=&#8220;off&#8220; button_two_border_width__hover_enabled=&#8220;off&#8220; button_border_color__hover_enabled=&#8220;off&#8220; button_one_border_color__hover_enabled=&#8220;off&#8220; button_two_border_color__hover_enabled=&#8220;off&#8220; button_border_radius__hover_enabled=&#8220;off&#8220; button_one_border_radius__hover_enabled=&#8220;off&#8220; button_two_border_radius__hover_enabled=&#8220;off&#8220; button_letter_spacing__hover_enabled=&#8220;off&#8220; button_one_letter_spacing__hover_enabled=&#8220;off&#8220; button_two_letter_spacing__hover_enabled=&#8220;off&#8220; button_bg_color__hover_enabled=&#8220;off&#8220; button_one_bg_color__hover_enabled=&#8220;off&#8220; button_two_bg_color__hover_enabled=&#8220;off&#8220;][\/et_pb_contact_field][et_pb_contact_field field_id=&#8220;Spr\u00e1va&#8220; field_title=&#8220;Spr\u00e1va&#8220; field_type=&#8220;text&#8220; fullwidth_field=&#8220;on&#8220; _builder_version=&#8220;4.27.4&#8243; global_colors_info=&#8220;{}&#8220; button_text_size__hover_enabled=&#8220;off&#8220; button_one_text_size__hover_enabled=&#8220;off&#8220; button_two_text_size__hover_enabled=&#8220;off&#8220; button_text_color__hover_enabled=&#8220;off&#8220; button_one_text_color__hover_enabled=&#8220;off&#8220; button_two_text_color__hover_enabled=&#8220;off&#8220; button_border_width__hover_enabled=&#8220;off&#8220; button_one_border_width__hover_enabled=&#8220;off&#8220; button_two_border_width__hover_enabled=&#8220;off&#8220; button_border_color__hover_enabled=&#8220;off&#8220; button_one_border_color__hover_enabled=&#8220;off&#8220; button_two_border_color__hover_enabled=&#8220;off&#8220; button_border_radius__hover_enabled=&#8220;off&#8220; button_one_border_radius__hover_enabled=&#8220;off&#8220; button_two_border_radius__hover_enabled=&#8220;off&#8220; button_letter_spacing__hover_enabled=&#8220;off&#8220; button_one_letter_spacing__hover_enabled=&#8220;off&#8220; button_two_letter_spacing__hover_enabled=&#8220;off&#8220; button_bg_color__hover_enabled=&#8220;off&#8220; button_one_bg_color__hover_enabled=&#8220;off&#8220; button_two_bg_color__hover_enabled=&#8220;off&#8220;][\/et_pb_contact_field][et_pb_contact_field field_id=&#8220;Field_4&#8243; field_title=&#8220; &#8220; field_type=&#8220;checkbox&#8220; checkbox_options=&#8220;%91{%22value%22:%22S\u00fahlas\u00edm s ochranou osobn\u00fdch \u00fadajov%22,%22checked%22:0,%22dragID%22:-1,%22link_url%22:%22\/ochrana-osobnych-udajov%22,%22link_text%22:%22%22}%93&#8243; fullwidth_field=&#8220;on&#8220; _builder_version=&#8220;4.27.4&#8243; _module_preset=&#8220;default&#8220; global_colors_info=&#8220;{}&#8220;][\/et_pb_contact_field][\/et_pb_contact_form][\/et_pb_column][\/et_pb_row][\/et_pb_section][et_pb_section fb_built=&#8220;1&#8243; admin_label=&#8220;Map Section&#8220; _builder_version=&#8220;4.27.4&#8243; background_color=&#8220;rgba(156,126,79,0.07)&#8220; custom_padding=&#8220;0px|0px|100px|0px|false|false&#8220; global_colors_info=&#8220;{}&#8220;][et_pb_row admin_label=&#8220;Map Row&#8220; _builder_version=&#8220;4.27.4&#8243; custom_margin=&#8220;|||&#8220; custom_margin_last_edited=&#8220;off|desktop&#8220; custom_padding=&#8220;|||&#8220; global_colors_info=&#8220;{}&#8220;][et_pb_column type=&#8220;4_4&#8243; _builder_version=&#8220;4.27.4&#8243; custom_padding=&#8220;|||&#8220; global_colors_info=&#8220;{}&#8220; custom_padding__hover=&#8220;|||&#8220;][et_pb_text admin_label=&#8220;Title&#8220; _builder_version=&#8220;4.27.4&#8243; text_font=&#8220;|&#8211;et_global_body_font_weight|||||||&#8220; text_font_size=&#8220;18px&#8220; text_line_height=&#8220;1.8em&#8220; header_font=&#8220;||||||||&#8220; header_text_color=&#8220;#161616&#8243; header_2_font=&#8220;|600|||||||&#8220; header_2_font_size=&#8220;40px&#8220; header_2_line_height=&#8220;1.4em&#8220; text_orientation=&#8220;center&#8220; max_width=&#8220;800px&#8220; max_width_last_edited=&#8220;off|desktop&#8220; module_alignment=&#8220;center&#8220; custom_margin=&#8220;|||&#8220; custom_padding=&#8220;2px|||||&#8220; custom_padding_last_edited=&#8220;off|desktop&#8220; hover_enabled=&#8220;0&#8243; header_2_font_size_tablet=&#8220;&#8220; header_2_font_size_phone=&#8220;25px&#8220; header_2_font_size_last_edited=&#8220;on|phone&#8220; global_colors_info=&#8220;{}&#8220; sticky_enabled=&#8220;0&#8243;]<\/p>\n<h2><strong>Kde n\u00e1s n\u00e1jdete?<\/strong><\/h2>\n<p>Nav\u0161t\u00edvte n\u00e1s v na\u0161ich priestoroch v Bratislave. Radi v\u00e1s priv\u00edtame a osobne sa s vami porozpr\u00e1vame o va\u0161ich potreb\u00e1ch a mo\u017enostiach spr\u00e1vy va\u0161ich nehnute\u013enost\u00ed.<\/p>\n<p>[\/et_pb_text][et_pb_map google_api_key=&#8220;AIzaSyDySo6PJXFXjU6r2MgTVIrzwF3fB41G20I&#8220; address=&#8220;Krasovsk\u00e9ho 3742\/13, 851 01 Bratislava-Petr\u017ealka, Slovensko&#8220; zoom_level=&#8220;12&#8243; address_lat=&#8220;48.1326344&#8243; address_lng=&#8220;17.1162282&#8243; _builder_version=&#8220;4.27.4&#8243; custom_margin=&#8220;60px|||&#8220; global_colors_info=&#8220;{}&#8220;][et_pb_map_pin title=&#8220;LUMIA PROPERTY MANAGEMENT s.r.o.&#8220; pin_address=&#8220;Krasovsk\u00e9ho 3742\/13, 851 01 Bratislava-Petr\u017ealka, Slovensko&#8220; pin_address_lat=&#8220;48.1326344&#8243; pin_address_lng=&#8220;17.1162282&#8243; _builder_version=&#8220;4.27.4&#8243; _module_preset=&#8220;default&#8220; global_colors_info=&#8220;{}&#8220;][\/et_pb_map_pin][\/et_pb_map][\/et_pb_column][\/et_pb_row][\/et_pb_section]<\/p>\n","protected":false},"excerpt":{"rendered":"<p>Kontaktujte n\u00e1s M\u00e1te ot\u00e1zky alebo potrebujete viac inform\u00e1ci\u00ed? Nev\u00e1hajte n\u00e1s kontaktova\u0165. R\u00e1di v\u00e1m pom\u00f4\u017eeme n\u00e1js\u0165 to najlep\u0161ie rie\u0161enie pre va\u0161e nehnute\u013enosti.Kontaktn\u00e9 \u00fadaje: PhDr. Viktor Vlas\u00e1k, MBA, RSc.Telef\u00f3n: +421 907 462 282Email: viktor.vlasak@lumia.sk Mgr. Katar\u00edna Vlas\u00e1kov\u00e1, LL.M.Telef\u00f3n: +421 918 186 963Email: katarina.vlasakova@lumia.sk &nbsp; Faktura\u010dn\u00e9 \u00fadaje: LUMIA PROPERTY MANAGEMENT s.r.o.Krasovsk\u00e9ho 13\/3742 851 01 Bratislava I\u010cO: 36803898DI\u010c: 2022424074I\u010c [&hellip;]<\/p>\n","protected":false},"author":2,"featured_media":0,"parent":0,"menu_order":0,"comment_status":"closed","ping_status":"closed","template":"","meta":{"_et_pb_use_builder":"on","_et_pb_old_content":"","_et_gb_content_width":"","footnotes":""},"class_list":["post-1833","page","type-page","status-publish","hentry"],"yoast_head":"<!-- This site is optimized with the Yoast SEO plugin v27.4 - https:\/\/yoast.com\/product\/yoast-seo-wordpress\/ -->\n<title>Kontakt - LUMIA PROPERTY MANAGEMENT<\/title>\n<meta name=\"description\" content=\"Hlavnou \u010dinnos\u0165ou spolo\u010dnosti je property management, ktor\u00fd je vn\u00edman\u00fd v \u0161ir\u0161om zmysle nielen ako spr\u00e1va nehnute\u013enost\u00ed ale ako komplexn\u00e1 spr\u00e1va majetku.\" \/>\n<meta name=\"robots\" content=\"index, follow, max-snippet:-1, max-image-preview:large, max-video-preview:-1\" \/>\n<link rel=\"canonical\" href=\"https:\/\/www.lumia.sk\/en\/contact\/\" \/>\n<meta property=\"og:locale\" content=\"en_GB\" \/>\n<meta property=\"og:type\" content=\"article\" \/>\n<meta property=\"og:title\" content=\"Kontakt - LUMIA PROPERTY MANAGEMENT\" \/>\n<meta property=\"og:description\" content=\"Hlavnou \u010dinnos\u0165ou spolo\u010dnosti je property management, ktor\u00fd je vn\u00edman\u00fd v \u0161ir\u0161om zmysle nielen ako spr\u00e1va nehnute\u013enost\u00ed ale ako komplexn\u00e1 spr\u00e1va majetku.\" \/>\n<meta property=\"og:url\" content=\"https:\/\/www.lumia.sk\/en\/contact\/\" \/>\n<meta property=\"og:site_name\" content=\"LUMIA PROPERTY MANAGEMENT\" \/>\n<meta property=\"article:modified_time\" content=\"2025-06-11T08:25:54+00:00\" \/>\n<script type=\"application\/ld+json\" class=\"yoast-schema-graph\">{\"@context\":\"https:\\\/\\\/schema.org\",\"@graph\":[{\"@type\":\"WebPage\",\"@id\":\"https:\\\/\\\/www.lumia.sk\\\/kontakt\\\/\",\"url\":\"https:\\\/\\\/www.lumia.sk\\\/kontakt\\\/\",\"name\":\"Kontakt - LUMIA PROPERTY MANAGEMENT\",\"isPartOf\":{\"@id\":\"https:\\\/\\\/www.lumia.sk\\\/#website\"},\"datePublished\":\"2025-02-20T13:42:35+00:00\",\"dateModified\":\"2025-06-11T08:25:54+00:00\",\"description\":\"Hlavnou \u010dinnos\u0165ou spolo\u010dnosti je property management, ktor\u00fd je vn\u00edman\u00fd v \u0161ir\u0161om zmysle nielen ako spr\u00e1va nehnute\u013enost\u00ed ale ako komplexn\u00e1 spr\u00e1va majetku.\",\"breadcrumb\":{\"@id\":\"https:\\\/\\\/www.lumia.sk\\\/kontakt\\\/#breadcrumb\"},\"inLanguage\":\"en-GB\",\"potentialAction\":[{\"@type\":\"ReadAction\",\"target\":[\"https:\\\/\\\/www.lumia.sk\\\/kontakt\\\/\"]}]},{\"@type\":\"BreadcrumbList\",\"@id\":\"https:\\\/\\\/www.lumia.sk\\\/kontakt\\\/#breadcrumb\",\"itemListElement\":[{\"@type\":\"ListItem\",\"position\":1,\"name\":\"Home\",\"item\":\"https:\\\/\\\/www.lumia.sk\\\/\"},{\"@type\":\"ListItem\",\"position\":2,\"name\":\"Kontakt\"}]},{\"@type\":\"WebSite\",\"@id\":\"https:\\\/\\\/www.lumia.sk\\\/#website\",\"url\":\"https:\\\/\\\/www.lumia.sk\\\/\",\"name\":\"LUMIA PROPERTY MANAGEMENT\",\"description\":\"Spr\u00e1va V\u00e1\u0161ho majetku\",\"potentialAction\":[{\"@type\":\"SearchAction\",\"target\":{\"@type\":\"EntryPoint\",\"urlTemplate\":\"https:\\\/\\\/www.lumia.sk\\\/?s={search_term_string}\"},\"query-input\":{\"@type\":\"PropertyValueSpecification\",\"valueRequired\":true,\"valueName\":\"search_term_string\"}}],\"inLanguage\":\"en-GB\"}]}<\/script>\n<!-- \/ Yoast SEO plugin. -->","yoast_head_json":{"title":"Contact - LUMIA PROPERTY MANAGEMENT","description":"The main activity of the company is property management, which is perceived in a broader sense not only as real estate management but as a complex property management.","robots":{"index":"index","follow":"follow","max-snippet":"max-snippet:-1","max-image-preview":"max-image-preview:large","max-video-preview":"max-video-preview:-1"},"canonical":"https:\/\/www.lumia.sk\/en\/contact\/","og_locale":"en_GB","og_type":"article","og_title":"Kontakt - LUMIA PROPERTY MANAGEMENT","og_description":"Hlavnou \u010dinnos\u0165ou spolo\u010dnosti je property management, ktor\u00fd je vn\u00edman\u00fd v \u0161ir\u0161om zmysle nielen ako spr\u00e1va nehnute\u013enost\u00ed ale ako komplexn\u00e1 spr\u00e1va majetku.","og_url":"https:\/\/www.lumia.sk\/en\/contact\/","og_site_name":"LUMIA PROPERTY MANAGEMENT","article_modified_time":"2025-06-11T08:25:54+00:00","schema":{"@context":"https:\/\/schema.org","@graph":[{"@type":"WebPage","@id":"https:\/\/www.lumia.sk\/kontakt\/","url":"https:\/\/www.lumia.sk\/kontakt\/","name":"Contact - LUMIA PROPERTY MANAGEMENT","isPartOf":{"@id":"https:\/\/www.lumia.sk\/#website"},"datePublished":"2025-02-20T13:42:35+00:00","dateModified":"2025-06-11T08:25:54+00:00","description":"The main activity of the company is property management, which is perceived in a broader sense not only as real estate management but as a complex property management.","breadcrumb":{"@id":"https:\/\/www.lumia.sk\/kontakt\/#breadcrumb"},"inLanguage":"en-GB","potentialAction":[{"@type":"ReadAction","target":["https:\/\/www.lumia.sk\/kontakt\/"]}]},{"@type":"BreadcrumbList","@id":"https:\/\/www.lumia.sk\/kontakt\/#breadcrumb","itemListElement":[{"@type":"ListItem","position":1,"name":"Home","item":"https:\/\/www.lumia.sk\/"},{"@type":"ListItem","position":2,"name":"Kontakt"}]},{"@type":"WebSite","@id":"https:\/\/www.lumia.sk\/#website","url":"https:\/\/www.lumia.sk\/","name":"LUMIA PROPERTY MANAGEMENT","description":"Managing your property","potentialAction":[{"@type":"SearchAction","target":{"@type":"EntryPoint","urlTemplate":"https:\/\/www.lumia.sk\/?s={search_term_string}"},"query-input":{"@type":"PropertyValueSpecification","valueRequired":true,"valueName":"search_term_string"}}],"inLanguage":"en-GB"}]}},"_links":{"self":[{"href":"https:\/\/www.lumia.sk\/en\/wp-json\/wp\/v2\/pages\/1833","targetHints":{"allow":["GET"]}}],"collection":[{"href":"https:\/\/www.lumia.sk\/en\/wp-json\/wp\/v2\/pages"}],"about":[{"href":"https:\/\/www.lumia.sk\/en\/wp-json\/wp\/v2\/types\/page"}],"author":[{"embeddable":true,"href":"https:\/\/www.lumia.sk\/en\/wp-json\/wp\/v2\/users\/2"}],"replies":[{"embeddable":true,"href":"https:\/\/www.lumia.sk\/en\/wp-json\/wp\/v2\/comments?post=1833"}],"version-history":[{"count":30,"href":"https:\/\/www.lumia.sk\/en\/wp-json\/wp\/v2\/pages\/1833\/revisions"}],"predecessor-version":[{"id":2470,"href":"https:\/\/www.lumia.sk\/en\/wp-json\/wp\/v2\/pages\/1833\/revisions\/2470"}],"wp:attachment":[{"href":"https:\/\/www.lumia.sk\/en\/wp-json\/wp\/v2\/media?parent=1833"}],"curies":[{"name":"wp","href":"https:\/\/api.w.org\/{rel}","templated":true}]}}