{"id":2403,"date":"2025-05-09T07:56:48","date_gmt":"2025-05-09T07:56:48","guid":{"rendered":"http:\/\/www.lumia.sk\/?page_id=2403"},"modified":"2025-05-09T08:10:56","modified_gmt":"2025-05-09T08:10:56","slug":"3-zimmer-wohnung-mit-terrasse","status":"publish","type":"page","link":"https:\/\/www.lumia.sk\/de\/3-zimmer-wohnung-mit-terrasse\/","title":{"rendered":"Ger\u00e4umige 3-Zimmer-Wohnung mit Terrasse zur Miete"},"content":{"rendered":"<p>[et_pb_section fb_built=&#8220;1&#8243; _builder_version=&#8220;4.27.4&#8243; _module_preset=&#8220;default&#8220; global_colors_info=&#8220;{}&#8220;][et_pb_row column_structure=&#8220;1_2,1_2&#8243; _builder_version=&#8220;4.27.4&#8243; _module_preset=&#8220;default&#8220; global_colors_info=&#8220;{}&#8220;][et_pb_column type=&#8220;1_2&#8243; _builder_version=&#8220;4.27.4&#8243; _module_preset=&#8220;default&#8220; global_colors_info=&#8220;{}&#8220;][et_pb_text _builder_version=&#8220;4.27.4&#8243; _module_preset=&#8220;default&#8220; hover_enabled=&#8220;0&#8243; global_colors_info=&#8220;{}&#8220; sticky_enabled=&#8220;0&#8243;]<\/p>\n<h2><b>Pren\u00e1jom priestrann\u00e9ho 3-izbov\u00e9ho bytu s terasou v centre Bratislavy \u2013 \u0160pit\u00e1lska ulica<\/b><\/h2>\n<p style=\"font-weight: 400;\">Pon\u00fakame na pren\u00e1jom \u0161t\u00fdlovo zariaden\u00fd 3-izbov\u00fd byt v centre Bratislavy, na \u0160pit\u00e1lskej ulici, situovan\u00fd na 5. poschod\u00ed bytov\u00e9ho domu s v\u00fd\u0165ahom. Byt m\u00e1 v\u00fdnimo\u010dn\u00fa polohu v tichom dvore, v samotnom srdci mesta, len p\u00e1r krokov od historick\u00e9ho centra a v\u0161etk\u00e9ho, \u010do Bratislava pon\u00faka.<\/p>\n<p style=\"font-weight: 400;\"><strong>Dispoz\u00edcia a vybavenie:<\/strong><\/p>\n<ul>\n<li style=\"font-weight: 400;\">Rozloha: 129 m\u00b2 vr\u00e1tane priestrannej terasy<\/li>\n<li style=\"font-weight: 400;\">Byt pozost\u00e1va z 3 samostatn\u00fdch izieb, vstupnej haly, plne vybavenej kuchyne, dvoch k\u00fape\u013en\u00ed s WC, gal\u00e9rie a terasy<\/li>\n<li style=\"font-weight: 400;\">Byt je kompletne zariaden\u00fd<\/li>\n<li style=\"font-weight: 400;\">Vlastn\u00fd plynov\u00fd kotol zabezpe\u010duje k\u00farenie aj ohrev vody<\/li>\n<li style=\"font-weight: 400;\">K bytu sa d\u00e1 prenaja\u0165 gar\u00e1\u017e s automatickou br\u00e1nou za 130 \u20ac \/ mesiac<\/li>\n<\/ul>\n<p style=\"font-weight: 400;\"><strong>Cena pren\u00e1jmu:<\/strong><\/p>\n<ul>\n<li style=\"font-weight: 400;\">N\u00e1jom: 1 000 \u20ac \/ mesiac<\/li>\n<li style=\"font-weight: 400;\">Energie: 200 \u20ac \/ mesiac<\/li>\n<li style=\"font-weight: 400;\">Spolu: 1 200 \u20ac \/ mesiac<\/li>\n<\/ul>\n<p style=\"font-weight: 400;\"><strong>V\u00fdhody lokality:<\/strong><\/p>\n<ol>\n<li style=\"font-weight: 400;\">Top lokalita \u2013 priamo v centre mesta<\/li>\n<\/ol>\n<p style=\"font-weight: 400;\">\u0160pit\u00e1lska ulica sa nach\u00e1dza v \u00faplnom centre Bratislavy, len p\u00e1r min\u00fat ch\u00f4dze od historick\u00e9ho Star\u00e9ho Mesta, \u010do z nej rob\u00ed ide\u00e1lne miesto pre t\u00fdch, ktor\u00ed chc\u00fa ma\u0165 v\u0161etko na dosah.<\/p>\n<ol start=\"2\">\n<li style=\"font-weight: 400;\">Kompletn\u00e1 ob\u010dianska vybavenos\u0165<\/li>\n<\/ol>\n<p style=\"font-weight: 400;\">V bezprostrednom okol\u00ed n\u00e1jdete obchody, banky, lek\u00e1rne, po\u0161tu, zdravotn\u00e9 stredisko, \u0161koly aj \u0161k\u00f4lky. V\u0161etko vybav\u00edte bez potreby auta.<\/p>\n<ol start=\"3\">\n<li style=\"font-weight: 400;\">V\u00fdborn\u00e1 dopravn\u00e1 dostupnos\u0165<\/li>\n<\/ol>\n<p style=\"font-weight: 400;\">Zast\u00e1vky MHD s\u00fa doslova na krok \u2013 elektri\u010dky, autobusy aj trolejbusy v\u00e1m zabezpe\u010dia r\u00fdchle spojenie do v\u0161etk\u00fdch \u010dast\u00ed Bratislavy.<\/p>\n<ol start=\"4\">\n<li style=\"font-weight: 400;\">Kult\u00fara a spolo\u010densk\u00fd \u017eivot na dosah<\/li>\n<\/ol>\n<p style=\"font-weight: 400;\">Divadl\u00e1, kin\u00e1, gal\u00e9rie, koncertn\u00e9 s\u00e1ly, kult\u00farne podujatia \u2013 to v\u0161etko v pe\u0161ej dostupnosti. Ide\u00e1lne miesto pre milovn\u00edkov umenia a mestsk\u00e9ho \u017eivota.<\/p>\n<ol start=\"5\">\n<li style=\"font-weight: 400;\">Re\u0161taur\u00e1cie, kaviarne a slu\u017eby<\/li>\n<\/ol>\n<p style=\"font-weight: 400;\">V okol\u00ed n\u00e1jdete \u0161irok\u00fa ponuku gastroprev\u00e1dzok od tradi\u010dn\u00fdch slovensk\u00fdch bistier a\u017e po medzin\u00e1rodn\u00fa kuchy\u0148u, \u0161t\u00fdlov\u00e9 kaviarne \u010di pek\u00e1rne.<\/p>\n<ol start=\"6\">\n<li style=\"font-weight: 400;\">Tich\u0161ie b\u00fdvanie \u2013 orient\u00e1cia do dvora<\/li>\n<\/ol>\n<p style=\"font-weight: 400;\">Hoci ide o centrum mesta, byty orientovan\u00e9 do vn\u00fatorn\u00e9ho dvora pon\u00fakaj\u00fa pokojn\u00e9 a tich\u00e9 b\u00fdvanie bez mestsk\u00e9ho hluku.<\/p>\n<ol start=\"7\">\n<li style=\"font-weight: 400;\">Historick\u00e1 atmosf\u00e9ra so v\u0161etk\u00fdmi v\u00fdhodami modernej infra\u0161trukt\u00fary<\/li>\n<\/ol>\n<p style=\"font-weight: 400;\">\u017divot na \u0160pit\u00e1lskej sp\u00e1ja \u010daro star\u00e9ho mesta s komfortom s\u00fa\u010dasn\u00e9ho mestsk\u00e9ho b\u00fdvania.<\/p>\n<ol start=\"8\">\n<li style=\"font-weight: 400;\">Pohodlie pre akt\u00edvnych aj pracuj\u00facich z domu<\/li>\n<\/ol>\n<p style=\"font-weight: 400;\">\u010ci u\u017e ste profesion\u00e1l, ktor\u00fd potrebuje by\u0165 bl\u00edzko biznis centier, alebo freelancer, ktor\u00fd si v\u00e1\u017ei in\u0161pirat\u00edvne a \u017eiv\u00e9 prostredie \u2013 \u0160pit\u00e1lska ulica je ide\u00e1lnou vo\u013ebou.<\/p>\n<p style=\"font-weight: 400;\">Byt je k dispoz\u00edcii ihne\u010f. Vhodn\u00fd pre n\u00e1ro\u010dn\u00e9ho klienta, ktor\u00fd h\u013ead\u00e1 b\u00fdvanie v centre s komfortom a pokojom z\u00e1rove\u0148.<\/p>\n<p style=\"font-weight: 400;\">V pr\u00edpade z\u00e1ujmu o obhliadku alebo viac inform\u00e1ci\u00ed n\u00e1s nev\u00e1hajte kontaktova\u0165!<\/p>\n<p>[\/et_pb_text][\/et_pb_column][et_pb_column type=&#8220;1_2&#8243; _builder_version=&#8220;4.27.4&#8243; _module_preset=&#8220;default&#8220; global_colors_info=&#8220;{}&#8220;][et_pb_gallery gallery_ids=&#8220;2313,2315,2316,2317,2318,2319,2320,2321,2322,2323,2324,2325,2326,2327,2328,2329&#8243; posts_number=&#8220;8&#8243; show_title_and_caption=&#8220;off&#8220; _builder_version=&#8220;4.27.4&#8243; _module_preset=&#8220;default&#8220; global_colors_info=&#8220;{}&#8220;][\/et_pb_gallery][\/et_pb_column][\/et_pb_row][\/et_pb_section]<\/p>\n","protected":false},"excerpt":{"rendered":"<p>Pren\u00e1jom priestrann\u00e9ho 3-izbov\u00e9ho bytu s terasou v centre Bratislavy \u2013 \u0160pit\u00e1lska ulica Pon\u00fakame na pren\u00e1jom \u0161t\u00fdlovo zariaden\u00fd 3-izbov\u00fd byt v centre Bratislavy, na \u0160pit\u00e1lskej ulici, situovan\u00fd na 5. poschod\u00ed bytov\u00e9ho domu s v\u00fd\u0165ahom. Byt m\u00e1 v\u00fdnimo\u010dn\u00fa polohu v tichom dvore, v samotnom srdci mesta, len p\u00e1r krokov od historick\u00e9ho centra a v\u0161etk\u00e9ho, \u010do Bratislava pon\u00faka. [&hellip;]<\/p>\n","protected":false},"author":2,"featured_media":0,"parent":0,"menu_order":0,"comment_status":"closed","ping_status":"closed","template":"","meta":{"_et_pb_use_builder":"on","_et_pb_old_content":"","_et_gb_content_width":"","footnotes":""},"class_list":["post-2403","page","type-page","status-publish","hentry"],"yoast_head":"<!-- This site is optimized with the Yoast SEO plugin v27.4 - https:\/\/yoast.com\/product\/yoast-seo-wordpress\/ -->\n<title>Priestrann\u00fd 3-izbov\u00fd byt s terasou - LUMIA PROPERTY MANAGEMENT<\/title>\n<meta name=\"robots\" content=\"index, follow, max-snippet:-1, max-image-preview:large, max-video-preview:-1\" \/>\n<link rel=\"canonical\" href=\"https:\/\/www.lumia.sk\/de\/3-zimmer-wohnung-mit-terrasse\/\" \/>\n<meta property=\"og:locale\" content=\"de_DE\" \/>\n<meta property=\"og:type\" content=\"article\" \/>\n<meta property=\"og:title\" content=\"Priestrann\u00fd 3-izbov\u00fd byt s terasou - LUMIA PROPERTY MANAGEMENT\" \/>\n<meta property=\"og:description\" content=\"Pren\u00e1jom priestrann\u00e9ho 3-izbov\u00e9ho bytu s terasou v centre Bratislavy \u2013 \u0160pit\u00e1lska ulica Pon\u00fakame na pren\u00e1jom \u0161t\u00fdlovo zariaden\u00fd 3-izbov\u00fd byt v centre Bratislavy, na \u0160pit\u00e1lskej ulici, situovan\u00fd na 5. poschod\u00ed bytov\u00e9ho domu s v\u00fd\u0165ahom. Byt m\u00e1 v\u00fdnimo\u010dn\u00fa polohu v tichom dvore, v samotnom srdci mesta, len p\u00e1r krokov od historick\u00e9ho centra a v\u0161etk\u00e9ho, \u010do Bratislava pon\u00faka. [&hellip;]\" \/>\n<meta property=\"og:url\" content=\"https:\/\/www.lumia.sk\/de\/3-zimmer-wohnung-mit-terrasse\/\" \/>\n<meta property=\"og:site_name\" content=\"LUMIA PROPERTY MANAGEMENT\" \/>\n<meta property=\"article:modified_time\" content=\"2025-05-09T08:10:56+00:00\" \/>\n<meta name=\"twitter:label1\" content=\"Gesch\u00e4tzte Lesezeit\" \/>\n\t<meta name=\"twitter:data1\" content=\"3\u00a0Minuten\" \/>\n<script type=\"application\/ld+json\" class=\"yoast-schema-graph\">{\"@context\":\"https:\\\/\\\/schema.org\",\"@graph\":[{\"@type\":\"WebPage\",\"@id\":\"https:\\\/\\\/www.lumia.sk\\\/3-izbovy-byt-s-terasou\\\/\",\"url\":\"https:\\\/\\\/www.lumia.sk\\\/3-izbovy-byt-s-terasou\\\/\",\"name\":\"Priestrann\u00fd 3-izbov\u00fd byt s terasou - LUMIA PROPERTY MANAGEMENT\",\"isPartOf\":{\"@id\":\"https:\\\/\\\/www.lumia.sk\\\/#website\"},\"datePublished\":\"2025-05-09T07:56:48+00:00\",\"dateModified\":\"2025-05-09T08:10:56+00:00\",\"breadcrumb\":{\"@id\":\"https:\\\/\\\/www.lumia.sk\\\/3-izbovy-byt-s-terasou\\\/#breadcrumb\"},\"inLanguage\":\"de\",\"potentialAction\":[{\"@type\":\"ReadAction\",\"target\":[\"https:\\\/\\\/www.lumia.sk\\\/3-izbovy-byt-s-terasou\\\/\"]}]},{\"@type\":\"BreadcrumbList\",\"@id\":\"https:\\\/\\\/www.lumia.sk\\\/3-izbovy-byt-s-terasou\\\/#breadcrumb\",\"itemListElement\":[{\"@type\":\"ListItem\",\"position\":1,\"name\":\"Start\",\"item\":\"https:\\\/\\\/www.lumia.sk\\\/\"},{\"@type\":\"ListItem\",\"position\":2,\"name\":\"Priestrann\u00fd 3-izbov\u00fd byt s terasou\"}]},{\"@type\":\"WebSite\",\"@id\":\"https:\\\/\\\/www.lumia.sk\\\/#website\",\"url\":\"https:\\\/\\\/www.lumia.sk\\\/\",\"name\":\"LUMIA PROPERTY MANAGEMENT\",\"description\":\"Spr\u00e1va V\u00e1\u0161ho majetku\",\"potentialAction\":[{\"@type\":\"SearchAction\",\"target\":{\"@type\":\"EntryPoint\",\"urlTemplate\":\"https:\\\/\\\/www.lumia.sk\\\/?s={search_term_string}\"},\"query-input\":{\"@type\":\"PropertyValueSpecification\",\"valueRequired\":true,\"valueName\":\"search_term_string\"}}],\"inLanguage\":\"de\"}]}<\/script>\n<!-- \/ Yoast SEO plugin. -->","yoast_head_json":{"title":"Ger\u00e4umige 3-Zimmer-Wohnung mit Terrasse - LUMIA PROPERTY MANAGEMENT","robots":{"index":"index","follow":"follow","max-snippet":"max-snippet:-1","max-image-preview":"max-image-preview:large","max-video-preview":"max-video-preview:-1"},"canonical":"https:\/\/www.lumia.sk\/de\/3-zimmer-wohnung-mit-terrasse\/","og_locale":"de_DE","og_type":"article","og_title":"Priestrann\u00fd 3-izbov\u00fd byt s terasou - LUMIA PROPERTY MANAGEMENT","og_description":"Pren\u00e1jom priestrann\u00e9ho 3-izbov\u00e9ho bytu s terasou v centre Bratislavy \u2013 \u0160pit\u00e1lska ulica Pon\u00fakame na pren\u00e1jom \u0161t\u00fdlovo zariaden\u00fd 3-izbov\u00fd byt v centre Bratislavy, na \u0160pit\u00e1lskej ulici, situovan\u00fd na 5. poschod\u00ed bytov\u00e9ho domu s v\u00fd\u0165ahom. Byt m\u00e1 v\u00fdnimo\u010dn\u00fa polohu v tichom dvore, v samotnom srdci mesta, len p\u00e1r krokov od historick\u00e9ho centra a v\u0161etk\u00e9ho, \u010do Bratislava pon\u00faka. [&hellip;]","og_url":"https:\/\/www.lumia.sk\/de\/3-zimmer-wohnung-mit-terrasse\/","og_site_name":"LUMIA PROPERTY MANAGEMENT","article_modified_time":"2025-05-09T08:10:56+00:00","twitter_misc":{"Gesch\u00e4tzte Lesezeit":"3\u00a0Minuten"},"schema":{"@context":"https:\/\/schema.org","@graph":[{"@type":"WebPage","@id":"https:\/\/www.lumia.sk\/3-izbovy-byt-s-terasou\/","url":"https:\/\/www.lumia.sk\/3-izbovy-byt-s-terasou\/","name":"Ger\u00e4umige 3-Zimmer-Wohnung mit Terrasse - LUMIA PROPERTY MANAGEMENT","isPartOf":{"@id":"https:\/\/www.lumia.sk\/#website"},"datePublished":"2025-05-09T07:56:48+00:00","dateModified":"2025-05-09T08:10:56+00:00","breadcrumb":{"@id":"https:\/\/www.lumia.sk\/3-izbovy-byt-s-terasou\/#breadcrumb"},"inLanguage":"de","potentialAction":[{"@type":"ReadAction","target":["https:\/\/www.lumia.sk\/3-izbovy-byt-s-terasou\/"]}]},{"@type":"BreadcrumbList","@id":"https:\/\/www.lumia.sk\/3-izbovy-byt-s-terasou\/#breadcrumb","itemListElement":[{"@type":"ListItem","position":1,"name":"Start","item":"https:\/\/www.lumia.sk\/"},{"@type":"ListItem","position":2,"name":"Priestrann\u00fd 3-izbov\u00fd byt s terasou"}]},{"@type":"WebSite","@id":"https:\/\/www.lumia.sk\/#website","url":"https:\/\/www.lumia.sk\/","name":"LUMIA IMMOBILIENVERWALTUNG","description":"Verwaltung Ihrer Immobilie","potentialAction":[{"@type":"SearchAction","target":{"@type":"EntryPoint","urlTemplate":"https:\/\/www.lumia.sk\/?s={search_term_string}"},"query-input":{"@type":"PropertyValueSpecification","valueRequired":true,"valueName":"search_term_string"}}],"inLanguage":"de"}]}},"_links":{"self":[{"href":"https:\/\/www.lumia.sk\/de\/wp-json\/wp\/v2\/pages\/2403","targetHints":{"allow":["GET"]}}],"collection":[{"href":"https:\/\/www.lumia.sk\/de\/wp-json\/wp\/v2\/pages"}],"about":[{"href":"https:\/\/www.lumia.sk\/de\/wp-json\/wp\/v2\/types\/page"}],"author":[{"embeddable":true,"href":"https:\/\/www.lumia.sk\/de\/wp-json\/wp\/v2\/users\/2"}],"replies":[{"embeddable":true,"href":"https:\/\/www.lumia.sk\/de\/wp-json\/wp\/v2\/comments?post=2403"}],"version-history":[{"count":2,"href":"https:\/\/www.lumia.sk\/de\/wp-json\/wp\/v2\/pages\/2403\/revisions"}],"predecessor-version":[{"id":2422,"href":"https:\/\/www.lumia.sk\/de\/wp-json\/wp\/v2\/pages\/2403\/revisions\/2422"}],"wp:attachment":[{"href":"https:\/\/www.lumia.sk\/de\/wp-json\/wp\/v2\/media?parent=2403"}],"curies":[{"name":"wp","href":"https:\/\/api.w.org\/{rel}","templated":true}]}}