{"id":2402,"date":"2025-05-09T07:56:47","date_gmt":"2025-05-09T07:56:47","guid":{"rendered":"http:\/\/www.lumia.sk\/?page_id=2402"},"modified":"2025-05-09T08:04:53","modified_gmt":"2025-05-09T08:04:53","slug":"garage-cmelikova-strase","status":"publish","type":"page","link":"https:\/\/www.lumia.sk\/de\/garage-cmelikova-strase\/","title":{"rendered":"Garage - \u010cmel\u00edkova Stra\u00dfe,"},"content":{"rendered":"<p>[et_pb_section fb_built=&#8220;1&#8243; _builder_version=&#8220;4.27.4&#8243; _module_preset=&#8220;default&#8220; global_colors_info=&#8220;{}&#8220;][et_pb_row column_structure=&#8220;1_2,1_2&#8243; _builder_version=&#8220;4.27.4&#8243; _module_preset=&#8220;default&#8220; global_colors_info=&#8220;{}&#8220;][et_pb_column type=&#8220;1_2&#8243; _builder_version=&#8220;4.27.4&#8243; _module_preset=&#8220;default&#8220; global_colors_info=&#8220;{}&#8220;][et_pb_text _builder_version=&#8220;4.27.4&#8243; _module_preset=&#8220;default&#8220; hover_enabled=&#8220;0&#8243; global_colors_info=&#8220;{}&#8220; sticky_enabled=&#8220;0&#8243;]<\/p>\n<h2><b>Na predaj gar\u00e1\u017e \u2013 \u010cmel\u00edkova ulica, Ru\u017einov (19 m\u00b2)<\/b><\/h2>\n<p style=\"font-weight: 400;\">Pon\u00fakame na predaj priestrann\u00fa gar\u00e1\u017e o v\u00fdmere 19 m\u00b2 v \u017eiadanej lokalite Bratislava \u2013 Ru\u017einov, na \u010cmel\u00edkovej ulici.<\/p>\n<p style=\"font-weight: 400;\">Gar\u00e1\u017e je such\u00e1, murovan\u00e1, s v\u00fdborn\u00fdm pr\u00edstupom.<\/p>\n<p style=\"font-weight: 400;\">Vhodn\u00e1 na parkovanie osobn\u00e9ho vozidla alebo ako skladov\u00fd priestor.<\/p>\n<p style=\"font-weight: 400;\">V\u00fdborn\u00e1 lokalita s r\u00fdchlou dostupnos\u0165ou a dostatkom s\u00fakromia.<\/p>\n<p style=\"font-weight: 400;\">Gar\u00e1\u017e je napojen\u00e1 na elektrinu.<\/p>\n<p style=\"font-weight: 400;\">\n<p style=\"font-weight: 400;\"><strong>Cena: 40 000 \u20ac<\/strong><\/p>\n<p style=\"font-weight: 400;\">V pr\u00edpade z\u00e1ujmu alebo pre viac inform\u00e1ci\u00ed n\u00e1s nev\u00e1hajte kontaktova\u0165.<\/p>\n<p>[\/et_pb_text][\/et_pb_column][et_pb_column type=&#8220;1_2&#8243; _builder_version=&#8220;4.27.4&#8243; _module_preset=&#8220;default&#8220; global_colors_info=&#8220;{}&#8220;][et_pb_gallery gallery_ids=&#8220;2310,2311&#8243; posts_number=&#8220;8&#8243; show_title_and_caption=&#8220;off&#8220; _builder_version=&#8220;4.27.4&#8243; _module_preset=&#8220;default&#8220; hover_enabled=&#8220;0&#8243; global_colors_info=&#8220;{}&#8220; sticky_enabled=&#8220;0&#8243;][\/et_pb_gallery][\/et_pb_column][\/et_pb_row][\/et_pb_section]<\/p>\n","protected":false},"excerpt":{"rendered":"<p>Na predaj gar\u00e1\u017e \u2013 \u010cmel\u00edkova ulica, Ru\u017einov (19 m\u00b2) Pon\u00fakame na predaj priestrann\u00fa gar\u00e1\u017e o v\u00fdmere 19 m\u00b2 v \u017eiadanej lokalite Bratislava \u2013 Ru\u017einov, na \u010cmel\u00edkovej ulici. Gar\u00e1\u017e je such\u00e1, murovan\u00e1, s v\u00fdborn\u00fdm pr\u00edstupom. Vhodn\u00e1 na parkovanie osobn\u00e9ho vozidla alebo ako skladov\u00fd priestor. V\u00fdborn\u00e1 lokalita s r\u00fdchlou dostupnos\u0165ou a dostatkom s\u00fakromia. Gar\u00e1\u017e je napojen\u00e1 na [&hellip;]<\/p>\n","protected":false},"author":2,"featured_media":0,"parent":0,"menu_order":0,"comment_status":"closed","ping_status":"closed","template":"","meta":{"_et_pb_use_builder":"on","_et_pb_old_content":"","_et_gb_content_width":"","footnotes":""},"class_list":["post-2402","page","type-page","status-publish","hentry"],"yoast_head":"<!-- This site is optimized with the Yoast SEO plugin v27.4 - https:\/\/yoast.com\/product\/yoast-seo-wordpress\/ -->\n<title>Gar\u00e1\u017e \u2013 \u010cmel\u00edkova ulica, - LUMIA PROPERTY MANAGEMENT<\/title>\n<meta name=\"robots\" content=\"index, follow, max-snippet:-1, max-image-preview:large, max-video-preview:-1\" \/>\n<link rel=\"canonical\" href=\"https:\/\/www.lumia.sk\/de\/garage-cmelikova-strase\/\" \/>\n<meta property=\"og:locale\" content=\"de_DE\" \/>\n<meta property=\"og:type\" content=\"article\" \/>\n<meta property=\"og:title\" content=\"Gar\u00e1\u017e \u2013 \u010cmel\u00edkova ulica, - LUMIA PROPERTY MANAGEMENT\" \/>\n<meta property=\"og:description\" content=\"Na predaj gar\u00e1\u017e \u2013 \u010cmel\u00edkova ulica, Ru\u017einov (19 m\u00b2) Pon\u00fakame na predaj priestrann\u00fa gar\u00e1\u017e o v\u00fdmere 19 m\u00b2 v \u017eiadanej lokalite Bratislava \u2013 Ru\u017einov, na \u010cmel\u00edkovej ulici. Gar\u00e1\u017e je such\u00e1, murovan\u00e1, s v\u00fdborn\u00fdm pr\u00edstupom. Vhodn\u00e1 na parkovanie osobn\u00e9ho vozidla alebo ako skladov\u00fd priestor. V\u00fdborn\u00e1 lokalita s r\u00fdchlou dostupnos\u0165ou a dostatkom s\u00fakromia. Gar\u00e1\u017e je napojen\u00e1 na [&hellip;]\" \/>\n<meta property=\"og:url\" content=\"https:\/\/www.lumia.sk\/de\/garage-cmelikova-strase\/\" \/>\n<meta property=\"og:site_name\" content=\"LUMIA PROPERTY MANAGEMENT\" \/>\n<meta property=\"article:modified_time\" content=\"2025-05-09T08:04:53+00:00\" \/>\n<meta name=\"twitter:label1\" content=\"Gesch\u00e4tzte Lesezeit\" \/>\n\t<meta name=\"twitter:data1\" content=\"1\u00a0Minute\" \/>\n<script type=\"application\/ld+json\" class=\"yoast-schema-graph\">{\"@context\":\"https:\\\/\\\/schema.org\",\"@graph\":[{\"@type\":\"WebPage\",\"@id\":\"https:\\\/\\\/www.lumia.sk\\\/garaz-cmelikova-ulica\\\/\",\"url\":\"https:\\\/\\\/www.lumia.sk\\\/garaz-cmelikova-ulica\\\/\",\"name\":\"Gar\u00e1\u017e \u2013 \u010cmel\u00edkova ulica, - LUMIA PROPERTY MANAGEMENT\",\"isPartOf\":{\"@id\":\"https:\\\/\\\/www.lumia.sk\\\/#website\"},\"datePublished\":\"2025-05-09T07:56:47+00:00\",\"dateModified\":\"2025-05-09T08:04:53+00:00\",\"breadcrumb\":{\"@id\":\"https:\\\/\\\/www.lumia.sk\\\/garaz-cmelikova-ulica\\\/#breadcrumb\"},\"inLanguage\":\"de\",\"potentialAction\":[{\"@type\":\"ReadAction\",\"target\":[\"https:\\\/\\\/www.lumia.sk\\\/garaz-cmelikova-ulica\\\/\"]}]},{\"@type\":\"BreadcrumbList\",\"@id\":\"https:\\\/\\\/www.lumia.sk\\\/garaz-cmelikova-ulica\\\/#breadcrumb\",\"itemListElement\":[{\"@type\":\"ListItem\",\"position\":1,\"name\":\"Start\",\"item\":\"https:\\\/\\\/www.lumia.sk\\\/\"},{\"@type\":\"ListItem\",\"position\":2,\"name\":\"Gar\u00e1\u017e \u2013 \u010cmel\u00edkova ulica,\"}]},{\"@type\":\"WebSite\",\"@id\":\"https:\\\/\\\/www.lumia.sk\\\/#website\",\"url\":\"https:\\\/\\\/www.lumia.sk\\\/\",\"name\":\"LUMIA PROPERTY MANAGEMENT\",\"description\":\"Spr\u00e1va V\u00e1\u0161ho majetku\",\"potentialAction\":[{\"@type\":\"SearchAction\",\"target\":{\"@type\":\"EntryPoint\",\"urlTemplate\":\"https:\\\/\\\/www.lumia.sk\\\/?s={search_term_string}\"},\"query-input\":{\"@type\":\"PropertyValueSpecification\",\"valueRequired\":true,\"valueName\":\"search_term_string\"}}],\"inLanguage\":\"de\"}]}<\/script>\n<!-- \/ Yoast SEO plugin. -->","yoast_head_json":{"title":"Garage - \u010cmel\u00edkova ulica, - LUMIA PROPERTY MANAGEMENT","robots":{"index":"index","follow":"follow","max-snippet":"max-snippet:-1","max-image-preview":"max-image-preview:large","max-video-preview":"max-video-preview:-1"},"canonical":"https:\/\/www.lumia.sk\/de\/garage-cmelikova-strase\/","og_locale":"de_DE","og_type":"article","og_title":"Gar\u00e1\u017e \u2013 \u010cmel\u00edkova ulica, - LUMIA PROPERTY MANAGEMENT","og_description":"Na predaj gar\u00e1\u017e \u2013 \u010cmel\u00edkova ulica, Ru\u017einov (19 m\u00b2) Pon\u00fakame na predaj priestrann\u00fa gar\u00e1\u017e o v\u00fdmere 19 m\u00b2 v \u017eiadanej lokalite Bratislava \u2013 Ru\u017einov, na \u010cmel\u00edkovej ulici. Gar\u00e1\u017e je such\u00e1, murovan\u00e1, s v\u00fdborn\u00fdm pr\u00edstupom. Vhodn\u00e1 na parkovanie osobn\u00e9ho vozidla alebo ako skladov\u00fd priestor. V\u00fdborn\u00e1 lokalita s r\u00fdchlou dostupnos\u0165ou a dostatkom s\u00fakromia. Gar\u00e1\u017e je napojen\u00e1 na [&hellip;]","og_url":"https:\/\/www.lumia.sk\/de\/garage-cmelikova-strase\/","og_site_name":"LUMIA PROPERTY MANAGEMENT","article_modified_time":"2025-05-09T08:04:53+00:00","twitter_misc":{"Gesch\u00e4tzte Lesezeit":"1\u00a0Minute"},"schema":{"@context":"https:\/\/schema.org","@graph":[{"@type":"WebPage","@id":"https:\/\/www.lumia.sk\/garaz-cmelikova-ulica\/","url":"https:\/\/www.lumia.sk\/garaz-cmelikova-ulica\/","name":"Garage - \u010cmel\u00edkova ulica, - LUMIA PROPERTY MANAGEMENT","isPartOf":{"@id":"https:\/\/www.lumia.sk\/#website"},"datePublished":"2025-05-09T07:56:47+00:00","dateModified":"2025-05-09T08:04:53+00:00","breadcrumb":{"@id":"https:\/\/www.lumia.sk\/garaz-cmelikova-ulica\/#breadcrumb"},"inLanguage":"de","potentialAction":[{"@type":"ReadAction","target":["https:\/\/www.lumia.sk\/garaz-cmelikova-ulica\/"]}]},{"@type":"BreadcrumbList","@id":"https:\/\/www.lumia.sk\/garaz-cmelikova-ulica\/#breadcrumb","itemListElement":[{"@type":"ListItem","position":1,"name":"Start","item":"https:\/\/www.lumia.sk\/"},{"@type":"ListItem","position":2,"name":"Gar\u00e1\u017e \u2013 \u010cmel\u00edkova ulica,"}]},{"@type":"WebSite","@id":"https:\/\/www.lumia.sk\/#website","url":"https:\/\/www.lumia.sk\/","name":"LUMIA IMMOBILIENVERWALTUNG","description":"Verwaltung Ihrer Immobilie","potentialAction":[{"@type":"SearchAction","target":{"@type":"EntryPoint","urlTemplate":"https:\/\/www.lumia.sk\/?s={search_term_string}"},"query-input":{"@type":"PropertyValueSpecification","valueRequired":true,"valueName":"search_term_string"}}],"inLanguage":"de"}]}},"_links":{"self":[{"href":"https:\/\/www.lumia.sk\/de\/wp-json\/wp\/v2\/pages\/2402","targetHints":{"allow":["GET"]}}],"collection":[{"href":"https:\/\/www.lumia.sk\/de\/wp-json\/wp\/v2\/pages"}],"about":[{"href":"https:\/\/www.lumia.sk\/de\/wp-json\/wp\/v2\/types\/page"}],"author":[{"embeddable":true,"href":"https:\/\/www.lumia.sk\/de\/wp-json\/wp\/v2\/users\/2"}],"replies":[{"embeddable":true,"href":"https:\/\/www.lumia.sk\/de\/wp-json\/wp\/v2\/comments?post=2402"}],"version-history":[{"count":2,"href":"https:\/\/www.lumia.sk\/de\/wp-json\/wp\/v2\/pages\/2402\/revisions"}],"predecessor-version":[{"id":2419,"href":"https:\/\/www.lumia.sk\/de\/wp-json\/wp\/v2\/pages\/2402\/revisions\/2419"}],"wp:attachment":[{"href":"https:\/\/www.lumia.sk\/de\/wp-json\/wp\/v2\/media?parent=2402"}],"curies":[{"name":"wp","href":"https:\/\/api.w.org\/{rel}","templated":true}]}}