{"id":2196,"date":"2025-04-11T06:11:59","date_gmt":"2025-04-11T06:11:59","guid":{"rendered":"http:\/\/www.lumia.sk\/?page_id=2196"},"modified":"2025-05-09T07:56:47","modified_gmt":"2025-05-09T07:56:47","slug":"werbetafel","status":"publish","type":"page","link":"https:\/\/www.lumia.sk\/de\/werbetafel\/","title":{"rendered":"BILBOARD"},"content":{"rendered":"\n[et_pb_section fb_built=&#8220;1&#8243; _builder_version=&#8220;4.27.4&#8243; _module_preset=&#8220;default&#8220; global_colors_info=&#8220;{}&#8220;][et_pb_row column_structure=&#8220;1_2,1_2&#8243; _builder_version=&#8220;4.27.4&#8243; _module_preset=&#8220;default&#8220; global_colors_info=&#8220;{}&#8220;][et_pb_column type=&#8220;1_2&#8243; _builder_version=&#8220;4.27.4&#8243; _module_preset=&#8220;default&#8220; global_colors_info=&#8220;{}&#8220;][et_pb_text _builder_version=&#8220;4.27.4&#8243; _module_preset=&#8220;default&#8220; hover_enabled=&#8220;0&#8243; global_colors_info=&#8220;{}&#8220; sticky_enabled=&#8220;0&#8243;]<h2><b><span>BILBOARD<\/span><\/b><\/h2>\n<p style=\"font-weight: 400;\">Pon\u00fakame na dlhodob\u00fd pren\u00e1jom obojstrann\u00fd billboard na ceste 502 &#8211; jednej z najfrekventovanej\u0161\u00edch ciest v Bratislavskom kraji v katastr\u00e1lnom \u00fazem\u00ed Grinava na hlavnom \u0165ahu medzi Bratislavou a Pezinkom, ktor\u00fdm prejde denne a\u017e 27.000 automobilov:<\/p>\n<p style=\"font-weight: 400;\">\n<p style=\"font-weight: 400;\"><strong>Mapa:<\/strong><\/p>\n<p style=\"font-weight: 400;\"><a href=\"https:\/\/www.google.sk\/maps\/@48.2667531,17.2371999,3a,75y,24.18h,89.31t\/data=!3m7!1e1!3m5!1sid7mf4mYm9mMM8XEQlquKw!2e0!6shttps:%2F%2Fstreetviewpixels-pa.googleapis.com%2Fv1%2Fthumbnail%3Fpanoid%3Did7mf4mYm9mMM8XEQlquKw%26cb_client%3Dsearch.revgeo_and_fetch.gps%26w%3D96%26h%3D64%26yaw%3D309.28384%26pitch%3D0%26thumbfov%3D100!7i13312!8i6656\" data-saferedirecturl=\"https:\/\/www.google.com\/url?q=https:\/\/www.google.sk\/maps\/@48.2667531,17.2371999,3a,75y,24.18h,89.31t\/data%3D!3m7!1e1!3m5!1sid7mf4mYm9mMM8XEQlquKw!2e0!6shttps:%252F%252Fstreetviewpixels-pa.googleapis.com%252Fv1%252Fthumbnail%253Fpanoid%253Did7mf4mYm9mMM8XEQlquKw%2526cb_client%253Dsearch.revgeo_and_fetch.gps%2526w%253D96%2526h%253D64%2526yaw%253D309.28384%2526pitch%253D0%2526thumbfov%253D100!7i13312!8i6656&amp;source=gmail&amp;ust=1744437677796000&amp;usg=AOvVaw2vMA0jBVEGHRnSZ9Qa8kSo\">https:\/\/www.google.sk\/maps\/@48.2667531,17.2371999,3a,75y,24.18h,89.31t\/data=!3m7!1e1!3m5!1sid7mf4mYm9mMM8XEQlquKw!2e0!6shttps:%2F%2Fstreetviewpixels-pa.googleapis.com%2Fv1%2Fthumbnail%3Fpanoid%3Did7mf4mYm9mMM8XEQlquKw%26cb_client%3Dsearch.revgeo_and_fetch.gps%26w%3D96%26h%3D64%26yaw%3D309.28384%26pitch%3D0%26thumbfov%3D100!7i13312!8i6656<\/a><\/p>\n<p style=\"font-weight: 400;\">\n<p style=\"font-weight: 400;\">Ide o ne\u0161tandardn\u00fa ve\u013ekos\u0165 a\u017e 6 X 3 metre. (\u0161tandardn\u00e1 ve\u013ekos\u0165 billboardu je 5,10m X 2,40m). Cena za jednu stranu pri dlhodobom n\u00e1jme je 150 Euro\/mesiac bez DPH.<\/p>\n<p style=\"font-weight: 400;\">Obe plochy s\u00fa okam\u017eite k dispoz\u00edcii. Ide o reklamn\u00fa stavbu, ktor\u00e1 je s citom osaden\u00e1 v zeleni na s\u00fakromnom pozemku, ktor\u00fd patr\u00ed na\u0161ej spolo\u010dnosti. U\u017e z dia\u013eky je ve\u013emi dobre vidite\u013en\u00e1 nad korunami stromov.<\/p>[\/et_pb_text][\/et_pb_column][et_pb_column type=&#8220;1_2&#8243; _builder_version=&#8220;4.27.4&#8243; _module_preset=&#8220;default&#8220; global_colors_info=&#8220;{}&#8220;][et_pb_gallery gallery_ids=&#8220;2216,2217,2219&#8243; posts_number=&#8220;8&#8243; show_title_and_caption=&#8220;off&#8220; _builder_version=&#8220;4.27.4&#8243; _module_preset=&#8220;default&#8220; hover_enabled=&#8220;0&#8243; global_colors_info=&#8220;{}&#8220; sticky_enabled=&#8220;0&#8243;][\/et_pb_gallery][\/et_pb_column][\/et_pb_row][\/et_pb_section]\n","protected":false},"excerpt":{"rendered":"<p>BILBOARD Pon\u00fakame na dlhodob\u00fd pren\u00e1jom obojstrann\u00fd billboard na ceste 502 &#8211; jednej z najfrekventovanej\u0161\u00edch ciest v Bratislavskom kraji v katastr\u00e1lnom \u00fazem\u00ed Grinava na hlavnom \u0165ahu medzi Bratislavou a Pezinkom, ktor\u00fdm prejde denne a\u017e 27.000 automobilov: Mapa: https:\/\/www.google.sk\/maps\/@48.2667531,17.2371999,3a,75y,24.18h,89.31t\/data=!3m7!1e1!3m5!1sid7mf4mYm9mMM8XEQlquKw!2e0!6shttps:%2F%2Fstreetviewpixels-pa.googleapis.com%2Fv1%2Fthumbnail%3Fpanoid%3Did7mf4mYm9mMM8XEQlquKw%26cb_client%3Dsearch.revgeo_and_fetch.gps%26w%3D96%26h%3D64%26yaw%3D309.28384%26pitch%3D0%26thumbfov%3D100!7i13312!8i6656 Ide o ne\u0161tandardn\u00fa ve\u013ekos\u0165 a\u017e 6 X 3 metre. (\u0161tandardn\u00e1 ve\u013ekos\u0165 billboardu je 5,10m X 2,40m). Cena za [&hellip;]<\/p>\n","protected":false},"author":2,"featured_media":0,"parent":0,"menu_order":0,"comment_status":"closed","ping_status":"closed","template":"","meta":{"_et_pb_use_builder":"on","_et_pb_old_content":"[et_pb_section fb_built=\"1\" theme_builder_area=\"post_content\" _builder_version=\"4.27.4\" _module_preset=\"default\"][et_pb_row _builder_version=\"4.27.4\" _module_preset=\"default\" column_structure=\"1_2,1_2\" theme_builder_area=\"post_content\"][et_pb_column _builder_version=\"4.27.4\" _module_preset=\"default\" type=\"1_2\" theme_builder_area=\"post_content\"][et_pb_text _builder_version=\"4.27.4\" _module_preset=\"default\" theme_builder_area=\"post_content\" hover_enabled=\"0\" sticky_enabled=\"0\"]<h2><strong>Na predaj ve\u013ekometr\u00e1\u017eny byt s terasou na Po\u0161tovej ulici v centre Bratislavy<\/strong><\/h2>\n<p style=\"font-weight: 400;\">\n<p style=\"font-weight: 400;\">Pon\u00fakame na predaj priestrann\u00fd 4,5-izbov\u00fd byt s terasou o v\u00fdmere 109 m\u00b2, ktor\u00fd sa nach\u00e1dza na 2. nadzemnom podla\u017e\u00ed bytov\u00e9ho domu na Po\u0161tovej ulici v Bratislave. Tento byt je ide\u00e1lnou vo\u013ebou pre t\u00fdch, ktor\u00ed h\u013eadaj\u00fa pohodln\u00e9 a priestrann\u00e9 b\u00fdvanie v \u017eiadanej lokalite centra Bratislavy.<\/p>\n<p style=\"font-weight: 400;\">\n<p style=\"font-weight: 400;\"><strong>Dispoz\u00edcia bytu:<\/strong><\/p>\n<ul>\n<li style=\"font-weight: 400;\">4 priestrann\u00e9 izby<\/li>\n<li style=\"font-weight: 400;\">1\/2 izba (vhodn\u00e1 ako pracov\u0148a alebo men\u0161ia izba)<\/li>\n<li style=\"font-weight: 400;\">Vstupn\u00e1 chodba<\/li>\n<li style=\"font-weight: 400;\">K\u00fape\u013e\u0148a s WC<\/li>\n<li style=\"font-weight: 400;\">Samostatn\u00e9 WC<\/li>\n<li style=\"font-weight: 400;\">Kuchy\u0148a<\/li>\n<li style=\"font-weight: 400;\">Komora<\/li>\n<li style=\"font-weight: 400;\">Terasa \u2013 \u00fatuln\u00e1, priestrann\u00e1<\/li>\n<\/ul>\n<p style=\"font-weight: 400;\"><strong>Celkov\u00e1 v\u00fdmera bytu: 109 m\u00b2<\/strong><\/p>\n<p style=\"font-weight: 400;\">Vynikaj\u00faca dostupnos\u0165 na MHD a v\u0161etky potrebn\u00e9 ob\u010dianske vybavenosti (obchody, \u0161koly, re\u0161taur\u00e1cie)<\/p>\n<p style=\"font-weight: 400;\">\n<p style=\"font-weight: 400;\">Po\u0161tov\u00e1 ulica sa nach\u00e1dza v srdci mesta, \u010do znamen\u00e1, \u017ee m\u00e1te na dosah v\u0161etky d\u00f4le\u017eit\u00e9 mestsk\u00e9 atrakcie, obchodn\u00e9 centr\u00e1, re\u0161taur\u00e1cie, kaviarne a kult\u00farne pamiatky. Okrem toho, lokalita je skvele napojen\u00e1 na MHD, \u010do zabezpe\u010duje r\u00fdchlu dostupnos\u0165 do v\u0161etk\u00fdch \u010dast\u00ed Bratislavy. \u010eal\u0161ou v\u00fdhodou je bl\u00edzkos\u0165 k parkom a zelen\u00fdm ploch\u00e1m, ktor\u00e9 umo\u017e\u0148uj\u00fa pr\u00edjemn\u00e9 prech\u00e1dzky a oddych.<\/p>\n<p style=\"font-weight: 400;\">Ak h\u013ead\u00e1te komfortn\u00fd a priestrann\u00fd byt v atrakt\u00edvnej lokalite Bratislavy, tento byt je ide\u00e1lnou vo\u013ebou pre v\u00e1s. Nezme\u0161kajte t\u00fato skvel\u00fa pr\u00edle\u017eitos\u0165 a kontaktujte n\u00e1s e\u0161te dnes!<\/p>\n<p style=\"font-weight: 400;\">\n<p style=\"font-weight: 400;\"><strong>Cena: 420.000,- EUR<\/strong><\/p>[\/et_pb_text][\/et_pb_column][et_pb_column _builder_version=\"4.27.4\" _module_preset=\"default\" type=\"1_2\" theme_builder_area=\"post_content\"][et_pb_gallery _builder_version=\"4.27.4\" _module_preset=\"default\" theme_builder_area=\"post_content\" gallery_ids=\"2064,2067,2068,2069,2070,2071,2072,2073,2074,2075,2076,2077,2078,2079,2080,2081,2082,2083,2084,2085,2086,2087,2089,2090\" posts_number=\"8\" show_title_and_caption=\"off\" hover_enabled=\"0\" sticky_enabled=\"0\"][\/et_pb_gallery][\/et_pb_column][\/et_pb_row][\/et_pb_section]","_et_gb_content_width":"","footnotes":""},"class_list":["post-2196","page","type-page","status-publish","hentry"],"yoast_head":"<!-- This site is optimized with the Yoast SEO plugin v27.4 - https:\/\/yoast.com\/product\/yoast-seo-wordpress\/ -->\n<title>BILBOARD - LUMIA PROPERTY MANAGEMENT<\/title>\n<meta name=\"description\" content=\"Pon\u00fakame na dlhodob\u00fd pren\u00e1jom obojstrann\u00fd billboard na ceste 502 - jednej z najfekventovanej\u0161\u00edch ciest v Bratislavskom kraji.\" \/>\n<meta name=\"robots\" content=\"index, follow, max-snippet:-1, max-image-preview:large, max-video-preview:-1\" \/>\n<link rel=\"canonical\" href=\"https:\/\/www.lumia.sk\/de\/werbetafel\/\" \/>\n<meta property=\"og:locale\" content=\"de_DE\" \/>\n<meta property=\"og:type\" content=\"article\" \/>\n<meta property=\"og:title\" content=\"BILBOARD - LUMIA PROPERTY MANAGEMENT\" \/>\n<meta property=\"og:description\" content=\"Pon\u00fakame na dlhodob\u00fd pren\u00e1jom obojstrann\u00fd billboard na ceste 502 - jednej z najfekventovanej\u0161\u00edch ciest v Bratislavskom kraji.\" \/>\n<meta property=\"og:url\" content=\"https:\/\/www.lumia.sk\/de\/werbetafel\/\" \/>\n<meta property=\"og:site_name\" content=\"LUMIA PROPERTY MANAGEMENT\" \/>\n<meta property=\"article:modified_time\" content=\"2025-05-09T07:56:47+00:00\" \/>\n<meta name=\"twitter:label1\" content=\"Gesch\u00e4tzte Lesezeit\" \/>\n\t<meta name=\"twitter:data1\" content=\"2\u00a0Minuten\" \/>\n<script type=\"application\/ld+json\" class=\"yoast-schema-graph\">{\"@context\":\"https:\\\/\\\/schema.org\",\"@graph\":[{\"@type\":\"WebPage\",\"@id\":\"https:\\\/\\\/www.lumia.sk\\\/bilboard\\\/\",\"url\":\"https:\\\/\\\/www.lumia.sk\\\/bilboard\\\/\",\"name\":\"BILBOARD - LUMIA PROPERTY MANAGEMENT\",\"isPartOf\":{\"@id\":\"https:\\\/\\\/www.lumia.sk\\\/#website\"},\"datePublished\":\"2025-04-11T06:11:59+00:00\",\"dateModified\":\"2025-05-09T07:56:47+00:00\",\"description\":\"Pon\u00fakame na dlhodob\u00fd pren\u00e1jom obojstrann\u00fd billboard na ceste 502 - jednej z najfekventovanej\u0161\u00edch ciest v Bratislavskom kraji.\",\"breadcrumb\":{\"@id\":\"https:\\\/\\\/www.lumia.sk\\\/bilboard\\\/#breadcrumb\"},\"inLanguage\":\"de\",\"potentialAction\":[{\"@type\":\"ReadAction\",\"target\":[\"https:\\\/\\\/www.lumia.sk\\\/bilboard\\\/\"]}]},{\"@type\":\"BreadcrumbList\",\"@id\":\"https:\\\/\\\/www.lumia.sk\\\/bilboard\\\/#breadcrumb\",\"itemListElement\":[{\"@type\":\"ListItem\",\"position\":1,\"name\":\"Start\",\"item\":\"https:\\\/\\\/www.lumia.sk\\\/\"},{\"@type\":\"ListItem\",\"position\":2,\"name\":\"BILBOARD\"}]},{\"@type\":\"WebSite\",\"@id\":\"https:\\\/\\\/www.lumia.sk\\\/#website\",\"url\":\"https:\\\/\\\/www.lumia.sk\\\/\",\"name\":\"LUMIA PROPERTY MANAGEMENT\",\"description\":\"Spr\u00e1va V\u00e1\u0161ho majetku\",\"potentialAction\":[{\"@type\":\"SearchAction\",\"target\":{\"@type\":\"EntryPoint\",\"urlTemplate\":\"https:\\\/\\\/www.lumia.sk\\\/?s={search_term_string}\"},\"query-input\":{\"@type\":\"PropertyValueSpecification\",\"valueRequired\":true,\"valueName\":\"search_term_string\"}}],\"inLanguage\":\"de\"}]}<\/script>\n<!-- \/ Yoast SEO plugin. -->","yoast_head_json":{"title":"WERBETAFEL - LUMIA HAUSVERWALTUNG","description":"Wir bieten eine doppelseitige Plakatwand auf der Stra\u00dfe 502 - einer der meistbefahrenen Stra\u00dfen in der Region Bratislava - zur langfristigen Vermietung an.","robots":{"index":"index","follow":"follow","max-snippet":"max-snippet:-1","max-image-preview":"max-image-preview:large","max-video-preview":"max-video-preview:-1"},"canonical":"https:\/\/www.lumia.sk\/de\/werbetafel\/","og_locale":"de_DE","og_type":"article","og_title":"BILBOARD - LUMIA PROPERTY MANAGEMENT","og_description":"Pon\u00fakame na dlhodob\u00fd pren\u00e1jom obojstrann\u00fd billboard na ceste 502 - jednej z najfekventovanej\u0161\u00edch ciest v Bratislavskom kraji.","og_url":"https:\/\/www.lumia.sk\/de\/werbetafel\/","og_site_name":"LUMIA PROPERTY MANAGEMENT","article_modified_time":"2025-05-09T07:56:47+00:00","twitter_misc":{"Gesch\u00e4tzte Lesezeit":"2\u00a0Minuten"},"schema":{"@context":"https:\/\/schema.org","@graph":[{"@type":"WebPage","@id":"https:\/\/www.lumia.sk\/bilboard\/","url":"https:\/\/www.lumia.sk\/bilboard\/","name":"WERBETAFEL - LUMIA HAUSVERWALTUNG","isPartOf":{"@id":"https:\/\/www.lumia.sk\/#website"},"datePublished":"2025-04-11T06:11:59+00:00","dateModified":"2025-05-09T07:56:47+00:00","description":"Wir bieten eine doppelseitige Plakatwand auf der Stra\u00dfe 502 - einer der meistbefahrenen Stra\u00dfen in der Region Bratislava - zur langfristigen Vermietung an.","breadcrumb":{"@id":"https:\/\/www.lumia.sk\/bilboard\/#breadcrumb"},"inLanguage":"de","potentialAction":[{"@type":"ReadAction","target":["https:\/\/www.lumia.sk\/bilboard\/"]}]},{"@type":"BreadcrumbList","@id":"https:\/\/www.lumia.sk\/bilboard\/#breadcrumb","itemListElement":[{"@type":"ListItem","position":1,"name":"Start","item":"https:\/\/www.lumia.sk\/"},{"@type":"ListItem","position":2,"name":"BILBOARD"}]},{"@type":"WebSite","@id":"https:\/\/www.lumia.sk\/#website","url":"https:\/\/www.lumia.sk\/","name":"LUMIA IMMOBILIENVERWALTUNG","description":"Verwaltung Ihrer Immobilie","potentialAction":[{"@type":"SearchAction","target":{"@type":"EntryPoint","urlTemplate":"https:\/\/www.lumia.sk\/?s={search_term_string}"},"query-input":{"@type":"PropertyValueSpecification","valueRequired":true,"valueName":"search_term_string"}}],"inLanguage":"de"}]}},"_links":{"self":[{"href":"https:\/\/www.lumia.sk\/de\/wp-json\/wp\/v2\/pages\/2196","targetHints":{"allow":["GET"]}}],"collection":[{"href":"https:\/\/www.lumia.sk\/de\/wp-json\/wp\/v2\/pages"}],"about":[{"href":"https:\/\/www.lumia.sk\/de\/wp-json\/wp\/v2\/types\/page"}],"author":[{"embeddable":true,"href":"https:\/\/www.lumia.sk\/de\/wp-json\/wp\/v2\/users\/2"}],"replies":[{"embeddable":true,"href":"https:\/\/www.lumia.sk\/de\/wp-json\/wp\/v2\/comments?post=2196"}],"version-history":[{"count":4,"href":"https:\/\/www.lumia.sk\/de\/wp-json\/wp\/v2\/pages\/2196\/revisions"}],"predecessor-version":[{"id":2246,"href":"https:\/\/www.lumia.sk\/de\/wp-json\/wp\/v2\/pages\/2196\/revisions\/2246"}],"wp:attachment":[{"href":"https:\/\/www.lumia.sk\/de\/wp-json\/wp\/v2\/media?parent=2196"}],"curies":[{"name":"wp","href":"https:\/\/api.w.org\/{rel}","templated":true}]}}