{"id":2195,"date":"2025-04-11T06:11:04","date_gmt":"2025-04-11T06:11:04","guid":{"rendered":"http:\/\/www.lumia.sk\/?page_id=2195"},"modified":"2025-05-09T07:56:47","modified_gmt":"2025-05-09T07:56:47","slug":"atrium","status":"publish","type":"page","link":"https:\/\/www.lumia.sk\/de\/atrium\/","title":{"rendered":"ATRIUM"},"content":{"rendered":"\n[et_pb_section fb_built=&#8220;1&#8243; _builder_version=&#8220;4.27.4&#8243; _module_preset=&#8220;default&#8220; global_colors_info=&#8220;{}&#8220;][et_pb_row column_structure=&#8220;1_2,1_2&#8243; _builder_version=&#8220;4.27.4&#8243; _module_preset=&#8220;default&#8220; global_colors_info=&#8220;{}&#8220;][et_pb_column type=&#8220;1_2&#8243; _builder_version=&#8220;4.27.4&#8243; _module_preset=&#8220;default&#8220; global_colors_info=&#8220;{}&#8220;][et_pb_text _builder_version=&#8220;4.27.4&#8243; _module_preset=&#8220;default&#8220; hover_enabled=&#8220;0&#8243; global_colors_info=&#8220;{}&#8220; sticky_enabled=&#8220;0&#8243;]<h2><strong><b><span>ATRIUM<\/span><\/b><\/strong><\/h2>\n<p style=\"font-weight: 400;\"><strong>N\u00e1dhern\u00e9 kancel\u00e1rske priestory na pren\u00e1jom v Atriu, blok B &#8211; najvy\u0161\u0161ie poschodie s v\u00fdh\u013eadom na Bratislavsk\u00fd hrad<\/strong><\/p>\n<p style=\"font-weight: 400;\">Pon\u00fakame na pren\u00e1jom exkluz\u00edvne kancel\u00e1rske priestory v dizajnovej stavbe Atrium, nach\u00e1dzaj\u00face sa na najvy\u0161\u0161om poschod\u00ed bloku B. Tieto priestory sa p\u00fd\u0161ia unik\u00e1tnym v\u00fdh\u013eadom na hrad a s\u00fa ide\u00e1lne pre firmy, ktor\u00e9 h\u013eadaj\u00fa prest\u00ed\u017ene a reprezentat\u00edvne miesto pre svoje podnikanie.<\/p>\n<p style=\"font-weight: 400;\"><strong>Detaily priestorov:<\/strong><\/p>\n<ul style=\"font-weight: 400;\">\n<li>Priestor 4MP-10:<span>\u00a0<\/span><strong>141,01 m\u00b2<\/strong><\/li>\n<li>Priestor 4MP-11:<span>\u00a0<\/span><strong>205,73 m\u00b2<\/strong><\/li>\n<li>Chodba:<span>\u00a0<\/span><strong>16,55 m\u00b2<\/strong><\/li>\n<\/ul>\n<p style=\"font-weight: 400;\"><strong>Mo\u017enosti pren\u00e1jmu:<\/strong><\/p>\n<ul style=\"font-weight: 400;\">\n<li>Priestory je mo\u017en\u00e9 prenaja\u0165 ako celok alebo ako dva samostatn\u00e9 priestory pod\u013ea va\u0161ich potrieb.<\/li>\n<\/ul>\n<p style=\"font-weight: 400;\"><strong>Cena pren\u00e1jmu:<\/strong><\/p>\n<ul style=\"font-weight: 400;\">\n<li><strong>N\u00e1jomn\u00e9<\/strong>: 11 \u20ac\/m\u00b2<\/li>\n<li><strong>Slu\u017eby<\/strong>: 4,40 \u20ac\/m\u00b2<\/li>\n<li><strong>Spr\u00e1va<\/strong>: 5 % z n\u00e1jmu<\/li>\n<li><strong>Energie<\/strong>: refakturovan\u00e9 1:1<\/li>\n<\/ul>\n<p style=\"font-weight: 400;\"><strong>V\u00fdhody pri pren\u00e1jme cel\u00e9ho priestoru:<\/strong><\/p>\n<ul style=\"font-weight: 400;\">\n<li>6 parkovac\u00edch miest k dispoz\u00edcii bez poplatku (hrad\u00ed sa len kaucia za parkovaciu kartu\/kol\u00edk)<\/li>\n<\/ul>\n<p style=\"font-weight: 400;\"><strong>Dostupnos\u0165:<\/strong><\/p>\n<ul style=\"font-weight: 400;\">\n<li>Priestory s\u00fa k\u00a0dispoz\u00edci\u00ed okam\u017eite<\/li>\n<li>Pon\u00fakame rent free period minim\u00e1lne po dobu jedn\u00e9ho mesiaca<\/li>\n<\/ul>\n<p style=\"font-weight: 400;\"><strong>Poloha:<\/strong><\/p>\n<p style=\"font-weight: 400;\">ATRIUM m\u00e1 vynikaj\u00facu vidite\u013enos\u0165, preto\u017ee sa nach\u00e1dza v strategickej \u010dasti Bratislavy, bl\u00edzko centra mesta, hne\u010f ved\u013ea dia\u013enice D1 a priamo oproti n\u00e1kupn\u00e9mu centru Aupark.\u00a0Na pr\u00edzem\u00ed budovy sa nach\u00e1dza kaviare\u0148 Barzuzz. V\u00a0okol\u00ed je kompletn\u00e1 vybavenos\u0165, obchody, kaviarne, re\u0161taur\u00e1cie, banky, ved\u013eaj\u0161ia budova je Relaxx, kde n\u00e1jdete fitness a\u00a0wellness.<\/p>\n<p style=\"font-weight: 400;\">\n<p style=\"font-weight: 400;\">Nezme\u0161kajte pr\u00edle\u017eitos\u0165 prenaja\u0165 si tieto v\u00fdnimo\u010dn\u00e9 kancel\u00e1rske priestory s \u00fachvatn\u00fdm v\u00fdh\u013eadom na hrad!<\/p>[\/et_pb_text][\/et_pb_column][et_pb_column type=&#8220;1_2&#8243; _builder_version=&#8220;4.27.4&#8243; _module_preset=&#8220;default&#8220; global_colors_info=&#8220;{}&#8220;][et_pb_gallery gallery_ids=&#8220;2205,2206,2207,2208,2209,2210,2211,2212,2213,2214&#8243; posts_number=&#8220;8&#8243; show_title_and_caption=&#8220;off&#8220; _builder_version=&#8220;4.27.4&#8243; _module_preset=&#8220;default&#8220; hover_enabled=&#8220;0&#8243; global_colors_info=&#8220;{}&#8220; sticky_enabled=&#8220;0&#8243;][\/et_pb_gallery][\/et_pb_column][\/et_pb_row][\/et_pb_section]\n","protected":false},"excerpt":{"rendered":"<p>ATRIUM N\u00e1dhern\u00e9 kancel\u00e1rske priestory na pren\u00e1jom v Atriu, blok B &#8211; najvy\u0161\u0161ie poschodie s v\u00fdh\u013eadom na Bratislavsk\u00fd hrad Pon\u00fakame na pren\u00e1jom exkluz\u00edvne kancel\u00e1rske priestory v dizajnovej stavbe Atrium, nach\u00e1dzaj\u00face sa na najvy\u0161\u0161om poschod\u00ed bloku B. Tieto priestory sa p\u00fd\u0161ia unik\u00e1tnym v\u00fdh\u013eadom na hrad a s\u00fa ide\u00e1lne pre firmy, ktor\u00e9 h\u013eadaj\u00fa prest\u00ed\u017ene a reprezentat\u00edvne miesto pre [&hellip;]<\/p>\n","protected":false},"author":2,"featured_media":0,"parent":0,"menu_order":0,"comment_status":"closed","ping_status":"closed","template":"","meta":{"_et_pb_use_builder":"on","_et_pb_old_content":"[et_pb_section fb_built=\"1\" theme_builder_area=\"post_content\" _builder_version=\"4.27.4\" _module_preset=\"default\"][et_pb_row _builder_version=\"4.27.4\" _module_preset=\"default\" column_structure=\"1_2,1_2\" theme_builder_area=\"post_content\"][et_pb_column _builder_version=\"4.27.4\" _module_preset=\"default\" type=\"1_2\" theme_builder_area=\"post_content\"][et_pb_text _builder_version=\"4.27.4\" _module_preset=\"default\" theme_builder_area=\"post_content\" hover_enabled=\"0\" sticky_enabled=\"0\"]<h2><strong>Na predaj ve\u013ekometr\u00e1\u017eny byt s terasou na Po\u0161tovej ulici v centre Bratislavy<\/strong><\/h2>\n<p style=\"font-weight: 400;\">\n<p style=\"font-weight: 400;\">Pon\u00fakame na predaj priestrann\u00fd 4,5-izbov\u00fd byt s terasou o v\u00fdmere 109 m\u00b2, ktor\u00fd sa nach\u00e1dza na 2. nadzemnom podla\u017e\u00ed bytov\u00e9ho domu na Po\u0161tovej ulici v Bratislave. Tento byt je ide\u00e1lnou vo\u013ebou pre t\u00fdch, ktor\u00ed h\u013eadaj\u00fa pohodln\u00e9 a priestrann\u00e9 b\u00fdvanie v \u017eiadanej lokalite centra Bratislavy.<\/p>\n<p style=\"font-weight: 400;\">\n<p style=\"font-weight: 400;\"><strong>Dispoz\u00edcia bytu:<\/strong><\/p>\n<ul>\n<li style=\"font-weight: 400;\">4 priestrann\u00e9 izby<\/li>\n<li style=\"font-weight: 400;\">1\/2 izba (vhodn\u00e1 ako pracov\u0148a alebo men\u0161ia izba)<\/li>\n<li style=\"font-weight: 400;\">Vstupn\u00e1 chodba<\/li>\n<li style=\"font-weight: 400;\">K\u00fape\u013e\u0148a s WC<\/li>\n<li style=\"font-weight: 400;\">Samostatn\u00e9 WC<\/li>\n<li style=\"font-weight: 400;\">Kuchy\u0148a<\/li>\n<li style=\"font-weight: 400;\">Komora<\/li>\n<li style=\"font-weight: 400;\">Terasa \u2013 \u00fatuln\u00e1, priestrann\u00e1<\/li>\n<\/ul>\n<p style=\"font-weight: 400;\"><strong>Celkov\u00e1 v\u00fdmera bytu: 109 m\u00b2<\/strong><\/p>\n<p style=\"font-weight: 400;\">Vynikaj\u00faca dostupnos\u0165 na MHD a v\u0161etky potrebn\u00e9 ob\u010dianske vybavenosti (obchody, \u0161koly, re\u0161taur\u00e1cie)<\/p>\n<p style=\"font-weight: 400;\">\n<p style=\"font-weight: 400;\">Po\u0161tov\u00e1 ulica sa nach\u00e1dza v srdci mesta, \u010do znamen\u00e1, \u017ee m\u00e1te na dosah v\u0161etky d\u00f4le\u017eit\u00e9 mestsk\u00e9 atrakcie, obchodn\u00e9 centr\u00e1, re\u0161taur\u00e1cie, kaviarne a kult\u00farne pamiatky. Okrem toho, lokalita je skvele napojen\u00e1 na MHD, \u010do zabezpe\u010duje r\u00fdchlu dostupnos\u0165 do v\u0161etk\u00fdch \u010dast\u00ed Bratislavy. \u010eal\u0161ou v\u00fdhodou je bl\u00edzkos\u0165 k parkom a zelen\u00fdm ploch\u00e1m, ktor\u00e9 umo\u017e\u0148uj\u00fa pr\u00edjemn\u00e9 prech\u00e1dzky a oddych.<\/p>\n<p style=\"font-weight: 400;\">Ak h\u013ead\u00e1te komfortn\u00fd a priestrann\u00fd byt v atrakt\u00edvnej lokalite Bratislavy, tento byt je ide\u00e1lnou vo\u013ebou pre v\u00e1s. Nezme\u0161kajte t\u00fato skvel\u00fa pr\u00edle\u017eitos\u0165 a kontaktujte n\u00e1s e\u0161te dnes!<\/p>\n<p style=\"font-weight: 400;\">\n<p style=\"font-weight: 400;\"><strong>Cena: 420.000,- EUR<\/strong><\/p>[\/et_pb_text][\/et_pb_column][et_pb_column _builder_version=\"4.27.4\" _module_preset=\"default\" type=\"1_2\" theme_builder_area=\"post_content\"][et_pb_gallery _builder_version=\"4.27.4\" _module_preset=\"default\" theme_builder_area=\"post_content\" gallery_ids=\"2064,2067,2068,2069,2070,2071,2072,2073,2074,2075,2076,2077,2078,2079,2080,2081,2082,2083,2084,2085,2086,2087,2089,2090\" posts_number=\"8\" show_title_and_caption=\"off\" hover_enabled=\"0\" sticky_enabled=\"0\"][\/et_pb_gallery][\/et_pb_column][\/et_pb_row][\/et_pb_section]","_et_gb_content_width":"","footnotes":""},"class_list":["post-2195","page","type-page","status-publish","hentry"],"yoast_head":"<!-- This site is optimized with the Yoast SEO plugin v27.4 - https:\/\/yoast.com\/product\/yoast-seo-wordpress\/ -->\n<title>ATRIUM - LUMIA PROPERTY MANAGEMENT<\/title>\n<meta name=\"description\" content=\"Pon\u00fakame na pren\u00e1jom exkluz\u00edvne kancel\u00e1rske priestory v dizajnovej stavbe Atrium, s v\u00fdh\u013eadom na Bratislavsk\u00fd hrad.\" \/>\n<meta name=\"robots\" content=\"index, follow, max-snippet:-1, max-image-preview:large, max-video-preview:-1\" \/>\n<link rel=\"canonical\" href=\"https:\/\/www.lumia.sk\/de\/atrium\/\" \/>\n<meta property=\"og:locale\" content=\"de_DE\" \/>\n<meta property=\"og:type\" content=\"article\" \/>\n<meta property=\"og:title\" content=\"ATRIUM - LUMIA PROPERTY MANAGEMENT\" \/>\n<meta property=\"og:description\" content=\"Pon\u00fakame na pren\u00e1jom exkluz\u00edvne kancel\u00e1rske priestory v dizajnovej stavbe Atrium, s v\u00fdh\u013eadom na Bratislavsk\u00fd hrad.\" \/>\n<meta property=\"og:url\" content=\"https:\/\/www.lumia.sk\/de\/atrium\/\" \/>\n<meta property=\"og:site_name\" content=\"LUMIA PROPERTY MANAGEMENT\" \/>\n<meta property=\"article:modified_time\" content=\"2025-05-09T07:56:47+00:00\" \/>\n<meta name=\"twitter:label1\" content=\"Gesch\u00e4tzte Lesezeit\" \/>\n\t<meta name=\"twitter:data1\" content=\"4\u00a0Minuten\" \/>\n<script type=\"application\/ld+json\" class=\"yoast-schema-graph\">{\"@context\":\"https:\\\/\\\/schema.org\",\"@graph\":[{\"@type\":\"WebPage\",\"@id\":\"https:\\\/\\\/www.lumia.sk\\\/atrium\\\/\",\"url\":\"https:\\\/\\\/www.lumia.sk\\\/atrium\\\/\",\"name\":\"ATRIUM - LUMIA PROPERTY MANAGEMENT\",\"isPartOf\":{\"@id\":\"https:\\\/\\\/www.lumia.sk\\\/#website\"},\"datePublished\":\"2025-04-11T06:11:04+00:00\",\"dateModified\":\"2025-05-09T07:56:47+00:00\",\"description\":\"Pon\u00fakame na pren\u00e1jom exkluz\u00edvne kancel\u00e1rske priestory v dizajnovej stavbe Atrium, s v\u00fdh\u013eadom na Bratislavsk\u00fd hrad.\",\"breadcrumb\":{\"@id\":\"https:\\\/\\\/www.lumia.sk\\\/atrium\\\/#breadcrumb\"},\"inLanguage\":\"de\",\"potentialAction\":[{\"@type\":\"ReadAction\",\"target\":[\"https:\\\/\\\/www.lumia.sk\\\/atrium\\\/\"]}]},{\"@type\":\"BreadcrumbList\",\"@id\":\"https:\\\/\\\/www.lumia.sk\\\/atrium\\\/#breadcrumb\",\"itemListElement\":[{\"@type\":\"ListItem\",\"position\":1,\"name\":\"Start\",\"item\":\"https:\\\/\\\/www.lumia.sk\\\/\"},{\"@type\":\"ListItem\",\"position\":2,\"name\":\"ATRIUM\"}]},{\"@type\":\"WebSite\",\"@id\":\"https:\\\/\\\/www.lumia.sk\\\/#website\",\"url\":\"https:\\\/\\\/www.lumia.sk\\\/\",\"name\":\"LUMIA PROPERTY MANAGEMENT\",\"description\":\"Spr\u00e1va V\u00e1\u0161ho majetku\",\"potentialAction\":[{\"@type\":\"SearchAction\",\"target\":{\"@type\":\"EntryPoint\",\"urlTemplate\":\"https:\\\/\\\/www.lumia.sk\\\/?s={search_term_string}\"},\"query-input\":{\"@type\":\"PropertyValueSpecification\",\"valueRequired\":true,\"valueName\":\"search_term_string\"}}],\"inLanguage\":\"de\"}]}<\/script>\n<!-- \/ Yoast SEO plugin. -->","yoast_head_json":{"title":"ATRIUM - LUMIA HAUSVERWALTUNG","description":"Wir bieten exklusive B\u00fcror\u00e4ume im Design-Geb\u00e4ude Atrium mit Blick auf die Burg von Bratislava zur Miete an.","robots":{"index":"index","follow":"follow","max-snippet":"max-snippet:-1","max-image-preview":"max-image-preview:large","max-video-preview":"max-video-preview:-1"},"canonical":"https:\/\/www.lumia.sk\/de\/atrium\/","og_locale":"de_DE","og_type":"article","og_title":"ATRIUM - LUMIA PROPERTY MANAGEMENT","og_description":"Pon\u00fakame na pren\u00e1jom exkluz\u00edvne kancel\u00e1rske priestory v dizajnovej stavbe Atrium, s v\u00fdh\u013eadom na Bratislavsk\u00fd hrad.","og_url":"https:\/\/www.lumia.sk\/de\/atrium\/","og_site_name":"LUMIA PROPERTY MANAGEMENT","article_modified_time":"2025-05-09T07:56:47+00:00","twitter_misc":{"Gesch\u00e4tzte Lesezeit":"4\u00a0Minuten"},"schema":{"@context":"https:\/\/schema.org","@graph":[{"@type":"WebPage","@id":"https:\/\/www.lumia.sk\/atrium\/","url":"https:\/\/www.lumia.sk\/atrium\/","name":"ATRIUM - LUMIA HAUSVERWALTUNG","isPartOf":{"@id":"https:\/\/www.lumia.sk\/#website"},"datePublished":"2025-04-11T06:11:04+00:00","dateModified":"2025-05-09T07:56:47+00:00","description":"Wir bieten exklusive B\u00fcror\u00e4ume im Design-Geb\u00e4ude Atrium mit Blick auf die Burg von Bratislava zur Miete an.","breadcrumb":{"@id":"https:\/\/www.lumia.sk\/atrium\/#breadcrumb"},"inLanguage":"de","potentialAction":[{"@type":"ReadAction","target":["https:\/\/www.lumia.sk\/atrium\/"]}]},{"@type":"BreadcrumbList","@id":"https:\/\/www.lumia.sk\/atrium\/#breadcrumb","itemListElement":[{"@type":"ListItem","position":1,"name":"Start","item":"https:\/\/www.lumia.sk\/"},{"@type":"ListItem","position":2,"name":"ATRIUM"}]},{"@type":"WebSite","@id":"https:\/\/www.lumia.sk\/#website","url":"https:\/\/www.lumia.sk\/","name":"LUMIA IMMOBILIENVERWALTUNG","description":"Verwaltung Ihrer Immobilie","potentialAction":[{"@type":"SearchAction","target":{"@type":"EntryPoint","urlTemplate":"https:\/\/www.lumia.sk\/?s={search_term_string}"},"query-input":{"@type":"PropertyValueSpecification","valueRequired":true,"valueName":"search_term_string"}}],"inLanguage":"de"}]}},"_links":{"self":[{"href":"https:\/\/www.lumia.sk\/de\/wp-json\/wp\/v2\/pages\/2195","targetHints":{"allow":["GET"]}}],"collection":[{"href":"https:\/\/www.lumia.sk\/de\/wp-json\/wp\/v2\/pages"}],"about":[{"href":"https:\/\/www.lumia.sk\/de\/wp-json\/wp\/v2\/types\/page"}],"author":[{"embeddable":true,"href":"https:\/\/www.lumia.sk\/de\/wp-json\/wp\/v2\/users\/2"}],"replies":[{"embeddable":true,"href":"https:\/\/www.lumia.sk\/de\/wp-json\/wp\/v2\/comments?post=2195"}],"version-history":[{"count":4,"href":"https:\/\/www.lumia.sk\/de\/wp-json\/wp\/v2\/pages\/2195\/revisions"}],"predecessor-version":[{"id":2247,"href":"https:\/\/www.lumia.sk\/de\/wp-json\/wp\/v2\/pages\/2195\/revisions\/2247"}],"wp:attachment":[{"href":"https:\/\/www.lumia.sk\/de\/wp-json\/wp\/v2\/media?parent=2195"}],"curies":[{"name":"wp","href":"https:\/\/api.w.org\/{rel}","templated":true}]}}