{"id":2194,"date":"2025-04-10T08:33:39","date_gmt":"2025-04-10T08:33:39","guid":{"rendered":"http:\/\/www.lumia.sk\/?page_id=2194"},"modified":"2025-05-09T07:56:48","modified_gmt":"2025-05-09T07:56:48","slug":"wohnung-altstadt","status":"publish","type":"page","link":"https:\/\/www.lumia.sk\/de\/wohnung-altstadt\/","title":{"rendered":"3-Zimmer-Wohnung mit Parkplatz in der Altstadt zu verkaufen"},"content":{"rendered":"\n[et_pb_section fb_built=&#8220;1&#8243; _builder_version=&#8220;4.27.4&#8243; _module_preset=&#8220;default&#8220; global_colors_info=&#8220;{}&#8220;][et_pb_row column_structure=&#8220;1_2,1_2&#8243; _builder_version=&#8220;4.27.4&#8243; _module_preset=&#8220;default&#8220; global_colors_info=&#8220;{}&#8220;][et_pb_column type=&#8220;1_2&#8243; _builder_version=&#8220;4.27.4&#8243; _module_preset=&#8220;default&#8220; global_colors_info=&#8220;{}&#8220;][et_pb_text _builder_version=&#8220;4.27.4&#8243; _module_preset=&#8220;default&#8220; hover_enabled=&#8220;0&#8243; global_colors_info=&#8220;{}&#8220; sticky_enabled=&#8220;0&#8243;]<h2><strong>Trojizbov\u00fd byt s parkovac\u00edm miestom v Starom Meste na predaj<\/strong><\/h2>\n<p style=\"font-weight: 400;\">Pon\u00fakame na predaj v\u00fdnimo\u010dn\u00fd 3-izbov\u00fd byt na ulici Martinengova v Bratislave, lokalita BA I. Star\u00e9 Mesto. Byt pre\u0161iel kompletnou rekon\u0161trukciou a nach\u00e1dza sa na 2. poschod\u00ed z 4 v zateplenom tehlovom bytovom dome s v\u00fd\u0165ahom.<\/p>\n<p style=\"font-weight: 400;\"><strong>Rozloha: 96,50 m\u00b2 (byt 81,93 m\u00b2, pivnica 4 m\u00b2, zasklen\u00e1 loggia 10,57 m\u00b2)<\/strong><\/p>\n<p style=\"font-weight: 400;\">Dispoz\u00edcia bytu:<\/p>\n<ul>\n<li style=\"font-weight: 400;\">Vstupn\u00e1 hala<\/li>\n<li style=\"font-weight: 400;\">Ob\u00fdvacia izba s jed\u00e1l\u0148ou prepojen\u00e1 s kuchy\u0148ou<\/li>\n<li style=\"font-weight: 400;\">Zasklen\u00e1 terasa s n\u00e1dhern\u00fdm v\u00fdh\u013eadom na Rak\u00fasko<\/li>\n<li style=\"font-weight: 400;\">2 nepriechodn\u00e9 sp\u00e1lne (jedna s franc\u00fazskym oknom)<\/li>\n<li style=\"font-weight: 400;\">Samostatn\u00e1 komora s pr\u00e1\u010dkou<\/li>\n<li style=\"font-weight: 400;\">K\u00fape\u013e\u0148a s ve\u013ekou kruhovou va\u0148ou<\/li>\n<li style=\"font-weight: 400;\">Samostatn\u00e1 toaleta<\/li>\n<\/ul>\n<p style=\"font-weight: 400;\">K bytu prin\u00e1le\u017e\u00ed samostatn\u00e1 PIVNICA v suter\u00e9ne.<\/p>\n<p style=\"font-weight: 400;\">S bytom sa pred\u00e1va aj vonkaj\u0161ie parkovacie st\u00e1tie v cene 30.000 \u20ac .<\/p>\n<p style=\"font-weight: 400;\">Byt sa pred\u00e1va kompletne zariaden\u00fd.<\/p>\n<p style=\"font-weight: 400;\">Byt je slne\u010dn\u00fd, orientovan\u00fd na SV-SZ, izby s\u00fa na v\u00fdchod a ob\u00fdvacia izba pon\u00faka \u00fachvatn\u00fd v\u00fdh\u013ead na Mlynsk\u00fa dolinu a Rak\u00fasko.<\/p>\n<p style=\"font-weight: 400;\">Stav bytu: Byt pre\u0161iel kompletnou rekon\u0161trukciou. Vybavenie zah\u0155\u0148a plastov\u00e9 okn\u00e1 s interi\u00e9rov\u00fdmi \u017eal\u00faziami, dreven\u00fa dubov\u00fa mas\u00edvnu podlahu, bezpe\u010dnostn\u00e9 vchodov\u00e9 dvere Sherlock, kuchynsk\u00fa linku s modern\u00fdmi spotrebi\u010dmi (plynov\u00e1 varn\u00e1 doska, elektrick\u00e1 r\u00fara, chladni\u010dka s mrazni\u010dkou, um\u00fdva\u010dka riadu) a dostatok \u00falo\u017en\u00e9ho priestoru. V k\u00fape\u013eni je ve\u013ek\u00e1 va\u0148a a podlahov\u00e9 k\u00farenie. V byte je samostatn\u00e1 toaleta. V cene bytu je kompletn\u00e9 zariadenie vstavan\u00fdm n\u00e1bytkom. V kuchyni je kuchynsk\u00e1 linka s plynovou varnou doskou, elektrickou r\u00farou, chladni\u010dkou s mrazni\u010dkou a um\u00fdva\u010dkou riadu. Dostatok \u00falo\u017en\u00e9ho priestoru je v skriniach v v k\u00fape\u013eni, izb\u00e1ch aj na chodbe.<\/p>\n<p style=\"font-weight: 400;\">Lokalita: Byt sa nach\u00e1dza vo vyh\u013ead\u00e1vanej lokalite bl\u00edzko Horsk\u00e9ho parku. V bl\u00edzkosti s\u00fa potraviny Kraj a Yeme, re\u0161taur\u00e1cie, kaviarne, \u0161koly, \u0161k\u00f4lky a zast\u00e1vka MHD. Okolie pon\u00faka mno\u017estvo zelene a park s detsk\u00fdm ihriskom. Ide\u00e1lna poloha zabezpe\u010duje bezprostredn\u00fd kontakt s pr\u00edrodou a z\u00e1rove\u0148 v\u0161etky v\u00fdhody mestsk\u00e9ho \u017eivota.<\/p>\n<p style=\"font-weight: 400;\"><strong>Cena: 399.000 \u20ac + 30.000 \u20ac parkovacie miesto<\/strong><\/p>[\/et_pb_text][\/et_pb_column][et_pb_column type=&#8220;1_2&#8243; _builder_version=&#8220;4.27.4&#8243; _module_preset=&#8220;default&#8220; global_colors_info=&#8220;{}&#8220;][et_pb_gallery gallery_ids=&#8220;2093,2095,2096,2097,2098,2099,2100,2101,2102,2103,2104,2105,2106,2107,2108,2109,2110,2111,2112,2113,2114,2115,2116,2117,2118,2119,2120,2121,2122,2123,2124,2125,2126,2127&#8243; posts_number=&#8220;8&#8243; show_title_and_caption=&#8220;off&#8220; _builder_version=&#8220;4.27.4&#8243; _module_preset=&#8220;default&#8220; hover_enabled=&#8220;0&#8243; global_colors_info=&#8220;{}&#8220; sticky_enabled=&#8220;0&#8243;][\/et_pb_gallery][\/et_pb_column][\/et_pb_row][\/et_pb_section]\n","protected":false},"excerpt":{"rendered":"<p>Trojizbov\u00fd byt s parkovac\u00edm miestom v Starom Meste na predaj Pon\u00fakame na predaj v\u00fdnimo\u010dn\u00fd 3-izbov\u00fd byt na ulici Martinengova v Bratislave, lokalita BA I. Star\u00e9 Mesto. Byt pre\u0161iel kompletnou rekon\u0161trukciou a nach\u00e1dza sa na 2. poschod\u00ed z 4 v zateplenom tehlovom bytovom dome s v\u00fd\u0165ahom. Rozloha: 96,50 m\u00b2 (byt 81,93 m\u00b2, pivnica 4 m\u00b2, zasklen\u00e1 [&hellip;]<\/p>\n","protected":false},"author":2,"featured_media":0,"parent":0,"menu_order":0,"comment_status":"closed","ping_status":"closed","template":"","meta":{"_et_pb_use_builder":"on","_et_pb_old_content":"[et_pb_section fb_built=\"1\" theme_builder_area=\"post_content\" _builder_version=\"4.27.4\" _module_preset=\"default\"][et_pb_row _builder_version=\"4.27.4\" _module_preset=\"default\" column_structure=\"1_2,1_2\" theme_builder_area=\"post_content\"][et_pb_column _builder_version=\"4.27.4\" _module_preset=\"default\" type=\"1_2\" theme_builder_area=\"post_content\"][et_pb_text _builder_version=\"4.27.4\" _module_preset=\"default\" theme_builder_area=\"post_content\" hover_enabled=\"0\" sticky_enabled=\"0\"]<h2><strong>Na predaj ve\u013ekometr\u00e1\u017eny byt s terasou na Po\u0161tovej ulici v centre Bratislavy<\/strong><\/h2>\n<p style=\"font-weight: 400;\">\n<p style=\"font-weight: 400;\">Pon\u00fakame na predaj priestrann\u00fd 4,5-izbov\u00fd byt s terasou o v\u00fdmere 109 m\u00b2, ktor\u00fd sa nach\u00e1dza na 2. nadzemnom podla\u017e\u00ed bytov\u00e9ho domu na Po\u0161tovej ulici v Bratislave. Tento byt je ide\u00e1lnou vo\u013ebou pre t\u00fdch, ktor\u00ed h\u013eadaj\u00fa pohodln\u00e9 a priestrann\u00e9 b\u00fdvanie v \u017eiadanej lokalite centra Bratislavy.<\/p>\n<p style=\"font-weight: 400;\">\n<p style=\"font-weight: 400;\"><strong>Dispoz\u00edcia bytu:<\/strong><\/p>\n<ul>\n<li style=\"font-weight: 400;\">4 priestrann\u00e9 izby<\/li>\n<li style=\"font-weight: 400;\">1\/2 izba (vhodn\u00e1 ako pracov\u0148a alebo men\u0161ia izba)<\/li>\n<li style=\"font-weight: 400;\">Vstupn\u00e1 chodba<\/li>\n<li style=\"font-weight: 400;\">K\u00fape\u013e\u0148a s WC<\/li>\n<li style=\"font-weight: 400;\">Samostatn\u00e9 WC<\/li>\n<li style=\"font-weight: 400;\">Kuchy\u0148a<\/li>\n<li style=\"font-weight: 400;\">Komora<\/li>\n<li style=\"font-weight: 400;\">Terasa \u2013 \u00fatuln\u00e1, priestrann\u00e1<\/li>\n<\/ul>\n<p style=\"font-weight: 400;\"><strong>Celkov\u00e1 v\u00fdmera bytu: 109 m\u00b2<\/strong><\/p>\n<p style=\"font-weight: 400;\">Vynikaj\u00faca dostupnos\u0165 na MHD a v\u0161etky potrebn\u00e9 ob\u010dianske vybavenosti (obchody, \u0161koly, re\u0161taur\u00e1cie)<\/p>\n<p style=\"font-weight: 400;\">\n<p style=\"font-weight: 400;\">Po\u0161tov\u00e1 ulica sa nach\u00e1dza v srdci mesta, \u010do znamen\u00e1, \u017ee m\u00e1te na dosah v\u0161etky d\u00f4le\u017eit\u00e9 mestsk\u00e9 atrakcie, obchodn\u00e9 centr\u00e1, re\u0161taur\u00e1cie, kaviarne a kult\u00farne pamiatky. Okrem toho, lokalita je skvele napojen\u00e1 na MHD, \u010do zabezpe\u010duje r\u00fdchlu dostupnos\u0165 do v\u0161etk\u00fdch \u010dast\u00ed Bratislavy. \u010eal\u0161ou v\u00fdhodou je bl\u00edzkos\u0165 k parkom a zelen\u00fdm ploch\u00e1m, ktor\u00e9 umo\u017e\u0148uj\u00fa pr\u00edjemn\u00e9 prech\u00e1dzky a oddych.<\/p>\n<p style=\"font-weight: 400;\">Ak h\u013ead\u00e1te komfortn\u00fd a priestrann\u00fd byt v atrakt\u00edvnej lokalite Bratislavy, tento byt je ide\u00e1lnou vo\u013ebou pre v\u00e1s. Nezme\u0161kajte t\u00fato skvel\u00fa pr\u00edle\u017eitos\u0165 a kontaktujte n\u00e1s e\u0161te dnes!<\/p>\n<p style=\"font-weight: 400;\">\n<p style=\"font-weight: 400;\"><strong>Cena: 420.000,- EUR<\/strong><\/p>[\/et_pb_text][\/et_pb_column][et_pb_column _builder_version=\"4.27.4\" _module_preset=\"default\" type=\"1_2\" theme_builder_area=\"post_content\"][et_pb_gallery _builder_version=\"4.27.4\" _module_preset=\"default\" theme_builder_area=\"post_content\" gallery_ids=\"2064,2067,2068,2069,2070,2071,2072,2073,2074,2075,2076,2077,2078,2079,2080,2081,2082,2083,2084,2085,2086,2087,2089,2090\" posts_number=\"8\" show_title_and_caption=\"off\" hover_enabled=\"0\" sticky_enabled=\"0\"][\/et_pb_gallery][\/et_pb_column][\/et_pb_row][\/et_pb_section]","_et_gb_content_width":"","footnotes":""},"class_list":["post-2194","page","type-page","status-publish","hentry"],"yoast_head":"<!-- This site is optimized with the Yoast SEO plugin v27.4 - https:\/\/yoast.com\/product\/yoast-seo-wordpress\/ -->\n<title>Trojizbov\u00fd byt s parkovac\u00edm miestom v Starom Meste na predaj - LUMIA PROPERTY MANAGEMENT<\/title>\n<meta name=\"description\" content=\"Pon\u00fakame na predaj 3-izbov\u00fd byt na ulici Martinengova v Bratislave, Star\u00e9 Mesto s parkovac\u00edm miestom. Byt pre\u0161iel kompletnou rekon\u0161trukciou.\" \/>\n<meta name=\"robots\" content=\"index, follow, max-snippet:-1, max-image-preview:large, max-video-preview:-1\" \/>\n<link rel=\"canonical\" href=\"https:\/\/www.lumia.sk\/de\/wohnung-altstadt\/\" \/>\n<meta property=\"og:locale\" content=\"de_DE\" \/>\n<meta property=\"og:type\" content=\"article\" \/>\n<meta property=\"og:title\" content=\"Trojizbov\u00fd byt s parkovac\u00edm miestom v Starom Meste na predaj - LUMIA PROPERTY MANAGEMENT\" \/>\n<meta property=\"og:description\" content=\"Pon\u00fakame na predaj 3-izbov\u00fd byt na ulici Martinengova v Bratislave, Star\u00e9 Mesto s parkovac\u00edm miestom. Byt pre\u0161iel kompletnou rekon\u0161trukciou.\" \/>\n<meta property=\"og:url\" content=\"https:\/\/www.lumia.sk\/de\/wohnung-altstadt\/\" \/>\n<meta property=\"og:site_name\" content=\"LUMIA PROPERTY MANAGEMENT\" \/>\n<meta property=\"article:modified_time\" content=\"2025-05-09T07:56:48+00:00\" \/>\n<meta name=\"twitter:label1\" content=\"Gesch\u00e4tzte Lesezeit\" \/>\n\t<meta name=\"twitter:data1\" content=\"9\u00a0Minuten\" \/>\n<script type=\"application\/ld+json\" class=\"yoast-schema-graph\">{\"@context\":\"https:\\\/\\\/schema.org\",\"@graph\":[{\"@type\":\"WebPage\",\"@id\":\"https:\\\/\\\/www.lumia.sk\\\/byt-stare-mesto\\\/\",\"url\":\"https:\\\/\\\/www.lumia.sk\\\/byt-stare-mesto\\\/\",\"name\":\"Trojizbov\u00fd byt s parkovac\u00edm miestom v Starom Meste na predaj - LUMIA PROPERTY MANAGEMENT\",\"isPartOf\":{\"@id\":\"https:\\\/\\\/www.lumia.sk\\\/#website\"},\"datePublished\":\"2025-04-10T08:33:39+00:00\",\"dateModified\":\"2025-05-09T07:56:48+00:00\",\"description\":\"Pon\u00fakame na predaj 3-izbov\u00fd byt na ulici Martinengova v Bratislave, Star\u00e9 Mesto s parkovac\u00edm miestom. Byt pre\u0161iel kompletnou rekon\u0161trukciou.\",\"breadcrumb\":{\"@id\":\"https:\\\/\\\/www.lumia.sk\\\/byt-stare-mesto\\\/#breadcrumb\"},\"inLanguage\":\"de\",\"potentialAction\":[{\"@type\":\"ReadAction\",\"target\":[\"https:\\\/\\\/www.lumia.sk\\\/byt-stare-mesto\\\/\"]}]},{\"@type\":\"BreadcrumbList\",\"@id\":\"https:\\\/\\\/www.lumia.sk\\\/byt-stare-mesto\\\/#breadcrumb\",\"itemListElement\":[{\"@type\":\"ListItem\",\"position\":1,\"name\":\"Start\",\"item\":\"https:\\\/\\\/www.lumia.sk\\\/\"},{\"@type\":\"ListItem\",\"position\":2,\"name\":\"Trojizbov\u00fd byt s parkovac\u00edm miestom v Starom Meste na predaj\"}]},{\"@type\":\"WebSite\",\"@id\":\"https:\\\/\\\/www.lumia.sk\\\/#website\",\"url\":\"https:\\\/\\\/www.lumia.sk\\\/\",\"name\":\"LUMIA PROPERTY MANAGEMENT\",\"description\":\"Spr\u00e1va V\u00e1\u0161ho majetku\",\"potentialAction\":[{\"@type\":\"SearchAction\",\"target\":{\"@type\":\"EntryPoint\",\"urlTemplate\":\"https:\\\/\\\/www.lumia.sk\\\/?s={search_term_string}\"},\"query-input\":{\"@type\":\"PropertyValueSpecification\",\"valueRequired\":true,\"valueName\":\"search_term_string\"}}],\"inLanguage\":\"de\"}]}<\/script>\n<!-- \/ Yoast SEO plugin. -->","yoast_head_json":{"title":"Dreizimmerwohnung mit Parkplatz in der Altstadt zu verkaufen - LUMIA PROPERTY MANAGEMENT","description":"Wir bieten zum Verkauf 3-Zimmer-Wohnung auf Martinengova Stra\u00dfe in Bratislava, Altstadt mit Parkplatz. Die Wohnung hat eine komplette Rekonstruktion unterzogen.","robots":{"index":"index","follow":"follow","max-snippet":"max-snippet:-1","max-image-preview":"max-image-preview:large","max-video-preview":"max-video-preview:-1"},"canonical":"https:\/\/www.lumia.sk\/de\/wohnung-altstadt\/","og_locale":"de_DE","og_type":"article","og_title":"Trojizbov\u00fd byt s parkovac\u00edm miestom v Starom Meste na predaj - LUMIA PROPERTY MANAGEMENT","og_description":"Pon\u00fakame na predaj 3-izbov\u00fd byt na ulici Martinengova v Bratislave, Star\u00e9 Mesto s parkovac\u00edm miestom. Byt pre\u0161iel kompletnou rekon\u0161trukciou.","og_url":"https:\/\/www.lumia.sk\/de\/wohnung-altstadt\/","og_site_name":"LUMIA PROPERTY MANAGEMENT","article_modified_time":"2025-05-09T07:56:48+00:00","twitter_misc":{"Gesch\u00e4tzte Lesezeit":"9\u00a0Minuten"},"schema":{"@context":"https:\/\/schema.org","@graph":[{"@type":"WebPage","@id":"https:\/\/www.lumia.sk\/byt-stare-mesto\/","url":"https:\/\/www.lumia.sk\/byt-stare-mesto\/","name":"Dreizimmerwohnung mit Parkplatz in der Altstadt zu verkaufen - LUMIA PROPERTY MANAGEMENT","isPartOf":{"@id":"https:\/\/www.lumia.sk\/#website"},"datePublished":"2025-04-10T08:33:39+00:00","dateModified":"2025-05-09T07:56:48+00:00","description":"Wir bieten zum Verkauf 3-Zimmer-Wohnung auf Martinengova Stra\u00dfe in Bratislava, Altstadt mit Parkplatz. Die Wohnung hat eine komplette Rekonstruktion unterzogen.","breadcrumb":{"@id":"https:\/\/www.lumia.sk\/byt-stare-mesto\/#breadcrumb"},"inLanguage":"de","potentialAction":[{"@type":"ReadAction","target":["https:\/\/www.lumia.sk\/byt-stare-mesto\/"]}]},{"@type":"BreadcrumbList","@id":"https:\/\/www.lumia.sk\/byt-stare-mesto\/#breadcrumb","itemListElement":[{"@type":"ListItem","position":1,"name":"Start","item":"https:\/\/www.lumia.sk\/"},{"@type":"ListItem","position":2,"name":"Trojizbov\u00fd byt s parkovac\u00edm miestom v Starom Meste na predaj"}]},{"@type":"WebSite","@id":"https:\/\/www.lumia.sk\/#website","url":"https:\/\/www.lumia.sk\/","name":"LUMIA IMMOBILIENVERWALTUNG","description":"Verwaltung Ihrer Immobilie","potentialAction":[{"@type":"SearchAction","target":{"@type":"EntryPoint","urlTemplate":"https:\/\/www.lumia.sk\/?s={search_term_string}"},"query-input":{"@type":"PropertyValueSpecification","valueRequired":true,"valueName":"search_term_string"}}],"inLanguage":"de"}]}},"_links":{"self":[{"href":"https:\/\/www.lumia.sk\/de\/wp-json\/wp\/v2\/pages\/2194","targetHints":{"allow":["GET"]}}],"collection":[{"href":"https:\/\/www.lumia.sk\/de\/wp-json\/wp\/v2\/pages"}],"about":[{"href":"https:\/\/www.lumia.sk\/de\/wp-json\/wp\/v2\/types\/page"}],"author":[{"embeddable":true,"href":"https:\/\/www.lumia.sk\/de\/wp-json\/wp\/v2\/users\/2"}],"replies":[{"embeddable":true,"href":"https:\/\/www.lumia.sk\/de\/wp-json\/wp\/v2\/comments?post=2194"}],"version-history":[{"count":4,"href":"https:\/\/www.lumia.sk\/de\/wp-json\/wp\/v2\/pages\/2194\/revisions"}],"predecessor-version":[{"id":2242,"href":"https:\/\/www.lumia.sk\/de\/wp-json\/wp\/v2\/pages\/2194\/revisions\/2242"}],"wp:attachment":[{"href":"https:\/\/www.lumia.sk\/de\/wp-json\/wp\/v2\/media?parent=2194"}],"curies":[{"name":"wp","href":"https:\/\/api.w.org\/{rel}","templated":true}]}}