{"id":2188,"date":"2025-04-10T08:25:39","date_gmt":"2025-04-10T08:25:39","guid":{"rendered":"http:\/\/www.lumia.sk\/?page_id=2188"},"modified":"2026-03-30T10:16:09","modified_gmt":"2026-03-30T10:16:09","slug":"2-stockige-maisonette-wohnung-2","status":"publish","type":"page","link":"https:\/\/www.lumia.sk\/de\/2-stockige-maisonette-wohnung-2\/","title":{"rendered":"Zweist\u00f6ckige Maisonette-Wohnung in Rovinka"},"content":{"rendered":"<p>[et_pb_section fb_built=&#8220;1&#8243; _builder_version=&#8220;4.27.4&#8243; _module_preset=&#8220;default&#8220; global_colors_info=&#8220;{}&#8220;][et_pb_row column_structure=&#8220;1_2,1_2&#8243; _builder_version=&#8220;4.27.4&#8243; _module_preset=&#8220;default&#8220; custom_margin=&#8220;|auto|-7px|auto||&#8220; hover_enabled=&#8220;0&#8243; global_colors_info=&#8220;{}&#8220; sticky_enabled=&#8220;0&#8243; custom_padding=&#8220;0px|||||&#8220;][et_pb_column type=&#8220;1_2&#8243; _builder_version=&#8220;4.27.4&#8243; _module_preset=&#8220;default&#8220; global_colors_info=&#8220;{}&#8220;][et_pb_text _builder_version=&#8220;4.27.4&#8243; _module_preset=&#8220;default&#8220; min_height=&#8220;1374.6px&#8220; custom_margin=&#8220;||-64px|||&#8220; custom_padding=&#8220;||11px|||&#8220; hover_enabled=&#8220;0&#8243; global_colors_info=&#8220;{}&#8220; sticky_enabled=&#8220;0&#8243;]<\/p>\n<p>Pon\u00fakame na predaj modern\u00fd dvojpodla\u017en\u00fd 5-izbov\u00fd rodinn\u00fd dom nach\u00e1dzaj\u00faci sa v ob\u013e\u00fabenej bratislavskej lokalite Slne\u010dnice na \u017dltej ulici. Dom je ide\u00e1lny pre rodinu, ktor\u00e1 h\u013ead\u00e1 komfortn\u00e9 b\u00fdvanie s vlastnou z\u00e1hradou, parkovan\u00edm a modern\u00fdmi technol\u00f3giami vr\u00e1tane fotovoltiky a nab\u00edjania elektromobilov.<br \/>Z\u00e1kladn\u00e9 inform\u00e1cie:<br \/>\u2022 Po\u010det izieb: 5<br \/>\u2022 Podla\u017enos\u0165: 2 podla\u017eia<br \/>\u2022 Obytn\u00e1 plocha: 74 m\u00b2<br \/>\u2022 Celkov\u00e1 plocha: 127 m\u00b2<br \/>\u2022 Terasa: 7,63 m\u00b2<br \/>\u2022 Z\u00e1hrada: 108 m\u00b2 so z\u00e1hradn\u00fdm dom\u010dekom<br \/>\u2022 Predz\u00e1hradka: 13 m\u00b2<br \/>\u2022 Vonkaj\u0161ie parkovanie: 29 m\u00b2<br \/>\u2022 Gar\u00e1\u017e<br \/>Dispoz\u00edcia domu:<br \/>Pr\u00edzemie<br \/>\u2022 vstupn\u00e1 \u010das\u0165<br \/>\u2022 samostatn\u00e9 WC s um\u00fdvadlom<br \/>\u2022 komora<br \/>\u2022 kuchy\u0148a prepojen\u00e1 s priestrannou ob\u00fdvacou izbou s v\u00fdstupom na terasu a do z\u00e1hrady<br \/>1. poschodie<br \/>\u2022 4 samostatn\u00e9 sp\u00e1lne<br \/>\u2022 k\u00fape\u013e\u0148a s WC<br \/>Technol\u00f3gie a vybavenie:<br \/>\u2022 fotovoltick\u00e1 elektr\u00e1re\u0148 \u2013 14 panelov Viessmann Vitovolt 300 M405 AK<br \/>\u2022 nab\u00edjacia stanica pre elektromobily AgeVolt Wallbox Double V2 (2\u00d722 kW)<br \/>\u2022 modern\u00fd kotol Viessmann<br \/>\u2022 klimatiz\u00e1cia<br \/>\u2022 gar\u00e1\u017e + vonkaj\u0161ie parkovacie miesto<br \/>Dom pon\u00faka komfort modern\u00e9ho b\u00fdvania, energetick\u00fa efekt\u00edvnos\u0165 a v\u00fdborn\u00e9 z\u00e1zemie pre rodinu.<br \/>Hlavn\u00e9 v\u00fdhody lokality:<br \/>\u2022 Kompletn\u00e1 ob\u010dianska vybavenos\u0165 \u2013 v pe\u0161ej dostupnosti sa nach\u00e1dzaj\u00fa potraviny, re\u0161taur\u00e1cie, kaviarne, lek\u00e1re\u0148, slu\u017eby, fitness centr\u00e1 a \u010fal\u0161ie prev\u00e1dzky.<br \/>\u2022 N\u00e1kupn\u00e9 centrum Slne\u010dnice Market \u2013 modern\u00e9 centrum s obchodmi, slu\u017ebami, supermarketom a gastron\u00f3miou priamo v \u0161tvrti.<br \/>\u2022 \u0160koly a \u0161k\u00f4lky \u2013 v bl\u00edzkosti sa nach\u00e1dzaj\u00fa matersk\u00e9 \u0161koly, z\u00e1kladn\u00e1 \u0161kola aj detsk\u00e9 ihrisk\u00e1, \u010do rob\u00ed lokalitu ide\u00e1lnou pre rodiny s de\u0165mi.<br \/>\u2022 V\u00fdborn\u00e1 dostupnos\u0165 do centra \u2013 r\u00fdchle napojenie na centrum Bratislavy autom aj mestskou hromadnou dopravou.<br \/>\u2022 Bl\u00edzkos\u0165 pr\u00edrody a \u0161portu \u2013 ne\u010faleko sa nach\u00e1dza hr\u00e1dza pri Dunaji s cyklotrasami, ide\u00e1lna na bicyklovanie, kor\u010du\u013eovanie, beh alebo prech\u00e1dzky.<br \/>\u2022 Modern\u00e1 urbanistick\u00e1 koncepcia \u2013 nov\u00e9 parky, zelen\u00e9 plochy, komunitn\u00e9 priestory a detsk\u00e9 ihrisk\u00e1 vytv\u00e1raj\u00fa pr\u00edjemn\u00e9 prostredie na b\u00fdvanie.<br \/>\u2022 Pokojn\u00e9 rodinn\u00e9 b\u00fdvanie \u2013 n\u00edzkopodla\u017en\u00e1 z\u00e1stavba rodinn\u00fdch domov poskytuje s\u00fakromie a bezpe\u010dn\u00e9 prostredie.<br \/>\u2022 R\u00fdchle napojenie na dia\u013eni\u010dn\u00fd obchvat \u2013 jednoduch\u00fd pr\u00edstup na hlavn\u00e9 dopravn\u00e9 \u0165ahy smer Rak\u00fasko, Ma\u010farsko aj ostatn\u00e9 \u010dasti Slovenska.<br \/>\u2022 Tich\u00e9 prostredie<br \/>Slne\u010dnice predstavuj\u00fa modern\u00e9 mestsk\u00e9 b\u00fdvanie s d\u00f4razom na komfort, komunitu a kvalitn\u00fd \u017eivotn\u00fd \u0161t\u00fdl.<br \/>Cena: 805 000 \u20ac<br \/>V pr\u00edpade z\u00e1ujmu o viac inform\u00e1ci\u00ed alebo obhliadku n\u00e1s nev\u00e1hajte kontaktova\u0165.<\/p>\n<p>[\/et_pb_text][\/et_pb_column][et_pb_column type=&#8220;1_2&#8243; _builder_version=&#8220;4.27.4&#8243; _module_preset=&#8220;default&#8220; global_colors_info=&#8220;{}&#8220;][et_pb_image src=&#8220;http:\/\/www.lumia.sk\/wp-content\/uploads\/2026\/03\/20260316_081601-scaled.jpg&#8220; _builder_version=&#8220;4.27.4&#8243; _module_preset=&#8220;default&#8220; title_text=&#8220;20260316_081601&#8243; hover_enabled=&#8220;0&#8243; sticky_enabled=&#8220;0&#8243;][\/et_pb_image][et_pb_gallery _builder_version=&#8220;4.27.4&#8243; _module_preset=&#8220;default&#8220; gallery_ids=&#8220;2609,2607,2606,2604,2603,2601,2600,2599,2597,2596,2594,2593,2592,2591,2590,2589,2587,2586,2584,2583,2582,2581,2567,2566,2565,2563,2560&#8243; hover_enabled=&#8220;0&#8243; sticky_enabled=&#8220;0&#8243;][\/et_pb_gallery][\/et_pb_column][\/et_pb_row][\/et_pb_section]<\/p>\n","protected":false},"excerpt":{"rendered":"<p>Pon\u00fakame na predaj modern\u00fd dvojpodla\u017en\u00fd 5-izbov\u00fd rodinn\u00fd dom nach\u00e1dzaj\u00faci sa v ob\u013e\u00fabenej bratislavskej lokalite Slne\u010dnice na \u017dltej ulici. Dom je ide\u00e1lny pre rodinu, ktor\u00e1 h\u013ead\u00e1 komfortn\u00e9 b\u00fdvanie s vlastnou z\u00e1hradou, parkovan\u00edm a modern\u00fdmi technol\u00f3giami vr\u00e1tane fotovoltiky a nab\u00edjania elektromobilov.Z\u00e1kladn\u00e9 inform\u00e1cie:\u2022 Po\u010det izieb: 5\u2022 Podla\u017enos\u0165: 2 podla\u017eia\u2022 Obytn\u00e1 plocha: 74 m\u00b2\u2022 Celkov\u00e1 plocha: 127 m\u00b2\u2022 Terasa: [&hellip;]<\/p>\n","protected":false},"author":2,"featured_media":0,"parent":0,"menu_order":0,"comment_status":"closed","ping_status":"closed","template":"","meta":{"_et_pb_use_builder":"on","_et_pb_old_content":"<!-- wp:divi\/placeholder \/-->","_et_gb_content_width":"","footnotes":""},"class_list":["post-2188","page","type-page","status-publish","hentry"],"yoast_head":"<!-- This site is optimized with the Yoast SEO plugin v27.6 - https:\/\/yoast.com\/product\/yoast-seo-wordpress\/ -->\n<title>2-poschodov\u00fd mezonetov\u00fd byt - LUMIA PROPERTY MANAGEMENT<\/title>\n<meta name=\"description\" content=\"Pon\u00fakame na predaj priestrann\u00fd 4,5-izbov\u00fd byt s terasou o v\u00fdmere 109 m2 na 2. nadzemnom podla\u017e\u00ed bytov\u00e9ho domu na Po\u0161tovej ulici v Bratislave.\" \/>\n<meta name=\"robots\" content=\"index, follow, max-snippet:-1, max-image-preview:large, max-video-preview:-1\" \/>\n<link rel=\"canonical\" href=\"https:\/\/www.lumia.sk\/de\/2-stockige-maisonette-wohnung-2\/\" \/>\n<meta property=\"og:locale\" content=\"de_DE\" \/>\n<meta property=\"og:type\" content=\"article\" \/>\n<meta property=\"og:title\" content=\"2-poschodov\u00fd mezonetov\u00fd byt - LUMIA PROPERTY MANAGEMENT\" \/>\n<meta property=\"og:description\" content=\"Pon\u00fakame na predaj priestrann\u00fd 4,5-izbov\u00fd byt s terasou o v\u00fdmere 109 m2 na 2. nadzemnom podla\u017e\u00ed bytov\u00e9ho domu na Po\u0161tovej ulici v Bratislave.\" \/>\n<meta property=\"og:url\" content=\"https:\/\/www.lumia.sk\/de\/2-stockige-maisonette-wohnung-2\/\" \/>\n<meta property=\"og:site_name\" content=\"LUMIA PROPERTY MANAGEMENT\" \/>\n<meta property=\"article:modified_time\" content=\"2026-03-30T10:16:09+00:00\" \/>\n<meta name=\"twitter:label1\" content=\"Gesch\u00e4tzte Lesezeit\" \/>\n\t<meta name=\"twitter:data1\" content=\"6\u00a0Minuten\" \/>\n<script type=\"application\/ld+json\" class=\"yoast-schema-graph\">{\"@context\":\"https:\\\/\\\/schema.org\",\"@graph\":[{\"@type\":\"WebPage\",\"@id\":\"https:\\\/\\\/www.lumia.sk\\\/2-poschodovy-mezonetovy-byt-2\\\/\",\"url\":\"https:\\\/\\\/www.lumia.sk\\\/2-poschodovy-mezonetovy-byt-2\\\/\",\"name\":\"2-poschodov\u00fd mezonetov\u00fd byt - LUMIA PROPERTY MANAGEMENT\",\"isPartOf\":{\"@id\":\"https:\\\/\\\/www.lumia.sk\\\/#website\"},\"datePublished\":\"2025-04-10T08:25:39+00:00\",\"dateModified\":\"2026-03-30T10:16:09+00:00\",\"description\":\"Pon\u00fakame na predaj priestrann\u00fd 4,5-izbov\u00fd byt s terasou o v\u00fdmere 109 m2 na 2. nadzemnom podla\u017e\u00ed bytov\u00e9ho domu na Po\u0161tovej ulici v Bratislave.\",\"breadcrumb\":{\"@id\":\"https:\\\/\\\/www.lumia.sk\\\/2-poschodovy-mezonetovy-byt-2\\\/#breadcrumb\"},\"inLanguage\":\"de\",\"potentialAction\":[{\"@type\":\"ReadAction\",\"target\":[\"https:\\\/\\\/www.lumia.sk\\\/2-poschodovy-mezonetovy-byt-2\\\/\"]}]},{\"@type\":\"BreadcrumbList\",\"@id\":\"https:\\\/\\\/www.lumia.sk\\\/2-poschodovy-mezonetovy-byt-2\\\/#breadcrumb\",\"itemListElement\":[{\"@type\":\"ListItem\",\"position\":1,\"name\":\"Start\",\"item\":\"https:\\\/\\\/www.lumia.sk\\\/\"},{\"@type\":\"ListItem\",\"position\":2,\"name\":\"2-poschodov\u00fd mezonetov\u00fd byt\"}]},{\"@type\":\"WebSite\",\"@id\":\"https:\\\/\\\/www.lumia.sk\\\/#website\",\"url\":\"https:\\\/\\\/www.lumia.sk\\\/\",\"name\":\"LUMIA PROPERTY MANAGEMENT\",\"description\":\"Spr\u00e1va V\u00e1\u0161ho majetku\",\"potentialAction\":[{\"@type\":\"SearchAction\",\"target\":{\"@type\":\"EntryPoint\",\"urlTemplate\":\"https:\\\/\\\/www.lumia.sk\\\/?s={search_term_string}\"},\"query-input\":{\"@type\":\"PropertyValueSpecification\",\"valueRequired\":true,\"valueName\":\"search_term_string\"}}],\"inLanguage\":\"de\"}]}<\/script>\n<!-- \/ Yoast SEO plugin. -->","yoast_head_json":{"title":"2-st\u00f6ckige Maisonette-Wohnung - LUMIA PROPERTY MANAGEMENT","description":"Wir bieten zum Verkauf eine ger\u00e4umige 4,5-Zimmer-Wohnung mit einer Terrasse von 109 m2 im 2. Stock eines Wohnhauses in der Po\u0161tova Stra\u00dfe in Bratislava.","robots":{"index":"index","follow":"follow","max-snippet":"max-snippet:-1","max-image-preview":"max-image-preview:large","max-video-preview":"max-video-preview:-1"},"canonical":"https:\/\/www.lumia.sk\/de\/2-stockige-maisonette-wohnung-2\/","og_locale":"de_DE","og_type":"article","og_title":"2-poschodov\u00fd mezonetov\u00fd byt - LUMIA PROPERTY MANAGEMENT","og_description":"Pon\u00fakame na predaj priestrann\u00fd 4,5-izbov\u00fd byt s terasou o v\u00fdmere 109 m2 na 2. nadzemnom podla\u017e\u00ed bytov\u00e9ho domu na Po\u0161tovej ulici v Bratislave.","og_url":"https:\/\/www.lumia.sk\/de\/2-stockige-maisonette-wohnung-2\/","og_site_name":"LUMIA PROPERTY MANAGEMENT","article_modified_time":"2026-03-30T10:16:09+00:00","twitter_misc":{"Gesch\u00e4tzte Lesezeit":"6\u00a0Minuten"},"schema":{"@context":"https:\/\/schema.org","@graph":[{"@type":"WebPage","@id":"https:\/\/www.lumia.sk\/2-poschodovy-mezonetovy-byt-2\/","url":"https:\/\/www.lumia.sk\/2-poschodovy-mezonetovy-byt-2\/","name":"2-st\u00f6ckige Maisonette-Wohnung - LUMIA PROPERTY MANAGEMENT","isPartOf":{"@id":"https:\/\/www.lumia.sk\/#website"},"datePublished":"2025-04-10T08:25:39+00:00","dateModified":"2026-03-30T10:16:09+00:00","description":"Wir bieten zum Verkauf eine ger\u00e4umige 4,5-Zimmer-Wohnung mit einer Terrasse von 109 m2 im 2. Stock eines Wohnhauses in der Po\u0161tova Stra\u00dfe in Bratislava.","breadcrumb":{"@id":"https:\/\/www.lumia.sk\/2-poschodovy-mezonetovy-byt-2\/#breadcrumb"},"inLanguage":"de","potentialAction":[{"@type":"ReadAction","target":["https:\/\/www.lumia.sk\/2-poschodovy-mezonetovy-byt-2\/"]}]},{"@type":"BreadcrumbList","@id":"https:\/\/www.lumia.sk\/2-poschodovy-mezonetovy-byt-2\/#breadcrumb","itemListElement":[{"@type":"ListItem","position":1,"name":"Start","item":"https:\/\/www.lumia.sk\/"},{"@type":"ListItem","position":2,"name":"2-poschodov\u00fd mezonetov\u00fd byt"}]},{"@type":"WebSite","@id":"https:\/\/www.lumia.sk\/#website","url":"https:\/\/www.lumia.sk\/","name":"LUMIA IMMOBILIENVERWALTUNG","description":"Verwaltung Ihrer Immobilie","potentialAction":[{"@type":"SearchAction","target":{"@type":"EntryPoint","urlTemplate":"https:\/\/www.lumia.sk\/?s={search_term_string}"},"query-input":{"@type":"PropertyValueSpecification","valueRequired":true,"valueName":"search_term_string"}}],"inLanguage":"de"}]}},"_links":{"self":[{"href":"https:\/\/www.lumia.sk\/de\/wp-json\/wp\/v2\/pages\/2188","targetHints":{"allow":["GET"]}}],"collection":[{"href":"https:\/\/www.lumia.sk\/de\/wp-json\/wp\/v2\/pages"}],"about":[{"href":"https:\/\/www.lumia.sk\/de\/wp-json\/wp\/v2\/types\/page"}],"author":[{"embeddable":true,"href":"https:\/\/www.lumia.sk\/de\/wp-json\/wp\/v2\/users\/2"}],"replies":[{"embeddable":true,"href":"https:\/\/www.lumia.sk\/de\/wp-json\/wp\/v2\/comments?post=2188"}],"version-history":[{"count":10,"href":"https:\/\/www.lumia.sk\/de\/wp-json\/wp\/v2\/pages\/2188\/revisions"}],"predecessor-version":[{"id":2615,"href":"https:\/\/www.lumia.sk\/de\/wp-json\/wp\/v2\/pages\/2188\/revisions\/2615"}],"wp:attachment":[{"href":"https:\/\/www.lumia.sk\/de\/wp-json\/wp\/v2\/media?parent=2188"}],"curies":[{"name":"wp","href":"https:\/\/api.w.org\/{rel}","templated":true}]}}